{"id":7689,"date":"2018-06-13T09:39:06","date_gmt":"2018-06-13T07:39:06","guid":{"rendered":"https:\/?page_id=7689"},"modified":"2025-10-22T08:09:53","modified_gmt":"2025-10-22T06:09:53","slug":"proteccio-de-dades","status":"publish","type":"page","link":"https:\/\/la.fccsm.net\/es\/proteccio-de-dades\/","title":{"rendered":"Protecci\u00f3 de dades"},"content":{"rendered":"<div class=\"fusion-fullwidth fullwidth-box fusion-builder-row-1 fusion-flex-container nonhundred-percent-fullwidth non-hundred-percent-height-scrolling\" style=\"--awb-border-radius-top-left:0px;--awb-border-radius-top-right:0px;--awb-border-radius-bottom-right:0px;--awb-border-radius-bottom-left:0px;--awb-flex-wrap:wrap;\" ><div class=\"fusion-builder-row fusion-row fusion-flex-align-items-flex-start fusion-flex-content-wrap\" style=\"max-width:calc( 1170px + 0px );margin-left: calc(-0px \/ 2 );margin-right: calc(-0px \/ 2 );\"><div class=\"fusion-layout-column fusion_builder_column fusion-builder-column-0 fusion_builder_column_1_1 1_1 fusion-flex-column\" style=\"--awb-padding-top:2%;--awb-padding-right:2%;--awb-padding-bottom:2%;--awb-padding-left:2%;--awb-bg-size:cover;--awb-width-large:100%;--awb-margin-top-large:0px;--awb-spacing-right-large:0px;--awb-margin-bottom-large:0px;--awb-spacing-left-large:0px;--awb-width-medium:100%;--awb-spacing-right-medium:0px;--awb-spacing-left-medium:0px;--awb-width-small:100%;--awb-spacing-right-small:0px;--awb-spacing-left-small:0px;\"><div class=\"fusion-column-wrapper fusion-flex-justify-content-flex-start fusion-content-layout-column\"><div class=\"fusion-text fusion-text-1\"><h3>Qui \u00e9s el responsable de tractar les seves dades personals?<\/h3>\n<p>L\u2019informem que les seves dades s\u00f3n tractades sota la responsabilitat de Fundaci\u00f3 Congr\u00e9s Catal\u00e0 de Salut Mental (G-62394556) amb domicili social al carrer Arag\u00f3, 141-143, 4a. de Barcelona.<\/p>\n<p>Pot dirigir les seves consultes sobre la pol\u00edtica de protecci\u00f3 de dades a info@fccsm.net<\/p>\n<h3>Quines dades personals tractem?<\/h3>\n<p>Podem disposar de les seg\u00fcents dades facilitades per vost\u00e8:<\/p>\n<p>Dades identificatives: nom, cognoms, document d\u2019identitat, g\u00e8nere, data de naixement, nacionalitat i pa\u00eds.<br \/>\nDades de contacte: adre\u00e7a de correu electr\u00f2nic, adre\u00e7a postal, tel\u00e8fon i poblaci\u00f3.<br \/>\nDades de transaccions econ\u00f2miques: aquelles dades relatives a transaccions econ\u00f2miques per al pagament de serveis facilitats a l\u2019interessat si s\u2019escau.<br \/>\nAltres dades necess\u00e0ries en funci\u00f3 de la finalitat: nivell d\u2019estudis, situaci\u00f3 laboral, etc.<\/p>\n<h3>Com obtenim les seves dades i amb quina finalitat les tractem?<\/h3>\n<p>Hem obtingut les seves dades personals a trav\u00e9s de les relacions i contacte previ que hagi pogut mantenir amb l\u2019entitat, o b\u00e9 per la seva vinculaci\u00f3 actual amb la mateixa. Les dades poden procedir dels nostres formularis de contacte a trav\u00e9s de la nostra p\u00e0gina web, de formularis en paper disponibles en els nostres actes, o b\u00e9 per una sol\u00b7licitud personal de la persona interessada.<\/p>\n<p>En funci\u00f3 de la seva vinculaci\u00f3 amb la Fundaci\u00f3 Congr\u00e9s Catal\u00e0 de Salut Mental, vost\u00e8 pot representar a un soci\/a, col\u00b7laborador, voluntari, treballador, estudiant en pr\u00e0ctiques, client, prove\u00efdor, assistent als nostres actes o haver sol\u00b7licitat informaci\u00f3 sobre les nostres activitats i projectes.<\/p>\n<p>La finalitat del tractament \u00e9s gestionar les comunicacions sobre les activitats i projectes de l\u2019entitat, aix\u00ed com la vinculaci\u00f3 que vost\u00e8 tingui amb els mateixos. Els tractaments que podem fer s\u00f3n:<\/p>\n<ul>\n<li>Butllet\u00ed de noticies i altres informacions d\u2019inter\u00e8s.<\/li>\n<li>Invitacions a actes de l\u2019entitat.<\/li>\n<li>Sol\u00b7licitar la participaci\u00f3 en activitats puntuals.<\/li>\n<li>Gestionar la seva participaci\u00f3 en un projecte.<\/li>\n<li>Col\u00b7laborar en un servei que ens hagi sol\u00b7licitat.<\/li>\n<\/ul>\n<p><span style=\"color: rgb(219, 208, 107); font-family: 'Libre Baskerville'; font-size: 35.2px; letter-spacing: normal; background-color: rgba(0, 0, 0, 0);\">Com est\u00e0 legitimat el tractament de les dades<\/span><\/p>\n<p>Tots els tractaments de dades que realitzem estan legitimats pel consentiment de l\u2019interessat.<\/p>\n<p>L\u2019usuari declara haver estat informat de les condicions sobre protecci\u00f3 de dades de car\u00e0cter personal, acceptant i consentint el tractament dels mateixos en la forma i per a les finalitats indicades en aquesta pol\u00edtica de privacitat.<\/p>\n<p>Vost\u00e8 t\u00e9 dret a retirar el seu consentiment en tot moment. Aquesta revocaci\u00f3 en cap cas tindr\u00e0 car\u00e0cter retroactiu.<\/p>\n<h3>Exactitud i veracitat de les dades<\/h3>\n<p>Com a usuari, vost\u00e8 \u00e9s l\u2019\u00fanic responsable de la veracitat i correcci\u00f3 de les dades que ens facilita exonerant a la Fundaci\u00f3 Congr\u00e9s Catal\u00e0 de Salut Mental de qualsevol responsabilitat.<\/p>\n<p>Els usuaris garanteixen i responen, en qualsevol cas, de l\u2019exactitud, vig\u00e8ncia i autenticitat de les dades personals facilitades, i es comprometen a mantenir-les degudament actualitzades. L\u2019usuari accepta proporcionar informaci\u00f3 completa i correcta en el formulari de contacte o subscripci\u00f3.<\/p>\n<h3>Durant quant de temps conservem les dades?<\/h3>\n<p>Les dades seran conservades mentre existeixi un inter\u00e8s mutu de les dues parts en mantenir el tractament en q\u00fcesti\u00f3 i no existeixi oposici\u00f3 per part de l\u2019interessat.<\/p>\n<p>En cas que vost\u00e8 decideixi finalitzar la seva relaci\u00f3 amb nosaltres, les seves dades es tractaran \u00fanicament als efectes d\u2019acreditar el compliment de les obligacions legals. Finalitzats aquests terminis de prescripci\u00f3, les seves dades seran eliminades.<\/p>\n<h3>Qui s\u00f3n els destinataris?<\/h3>\n<p>Els destinataris s\u00f3n els departaments de l\u2019entitat, per poder desenvolupar les seves funcions, aix\u00ed com els estaments oficials p\u00fablics i privats que per obligaci\u00f3 legal o necessitat material hagin d\u2019accedir a les dades.<\/p>\n<p>Les dades no s\u2019utilitzaran per a cap finalitat diferent a la descrita, ni seran cedides a tercers sense el seu consentiment previ. Si les particularitats d\u2019un determinat projecte impliquen la cessi\u00f3 de dades a altres entitats, ho comunicarem degudament per recollir el seu consentiment.<\/p>\n<p>Alguns prove\u00efdors que ens presten servei tenen acc\u00e9s a les dades personals de manera ineludible (per exemple els nostres prove\u00efdors de sistema inform\u00e0tic i base de dades). En aquests casos, aquests prove\u00efdors tenen la condici\u00f3 d\u2019encarregat de tractament i la seva relaci\u00f3 es troba regulada mitjan\u00e7ant el corresponent contracte de protecci\u00f3 de dades.<\/p>\n<h3>Realitzem transfer\u00e8ncies internacionals?<\/h3>\n<p>L\u2019\u00fanica transfer\u00e8ncia que realitzem est\u00e0 relacionada amb el correu electr\u00f2nic que ens facilita. Es pot estar en algun moment situat en els servidors de SendBlaster (software de correu massiu amb la flexibilitat d\u2019un servei web) a trav\u00e9s de la seva empresa eDisplay Srl., situada a It\u00e0lia. SendBlaster est\u00e0 acollit a l\u2019acord EU-US Privacy Shield, aprovat pel Comit\u00e8 Europeu de Protecci\u00f3 de Dades.<\/p>\n<h3>Decisions automatitzades<\/h3>\n<p>No adoptem decisions que li puguin afectar basades \u00fanicament en el tractament automatitzat de les seves dades personals. Tots els processos de presa de decisions relacionats amb les finalitats de tractament abans descrites es realitzen amb intervenci\u00f3 humana.<\/p>\n<h3>Quins s\u00f3n els seus drets?<\/h3>\n<p>Vost\u00e8 t\u00e9 dret a retirar el seu consentiment en tot moment. Tamb\u00e9 pot exercir els drets d\u2019acc\u00e9s, rectificaci\u00f3, supressi\u00f3 i portabilitat de les dades, aix\u00ed com els drets de limitaci\u00f3 i oposici\u00f3 al tractament. Per fer-ho, es pot dirigir per escrit a Fundaci\u00f3 Congr\u00e9s Catal\u00e0 de Salut Mental, carrer Arag\u00f3, 141-143, 4a. (Barcelona), o a l\u2019adre\u00e7a de correu electr\u00f2nic <a href=\"mailto:info@fccsm.net\">info@fccsm.net<\/a><\/p>\n<p>Tamb\u00e9 pot dirigir-se a l\u2019autoritat de control competent per presentar la reclamaci\u00f3 que consideri oportuna: www.agpd.es.<\/p>\n<h3>Seguretat de les dades<\/h3>\n<p>L\u2019entitat adoptar\u00e0 les mesures de seguretat t\u00e8cniques i organitzatives que, d\u2019acord amb el reglament vigent, garanteixin la seguretat de les dades de car\u00e0cter personal i evitin la seva alteraci\u00f3, p\u00e8rdua, tractament o acc\u00e9s no autoritzat.<\/p>\n<h3>Navegaci\u00f3<\/h3>\n<p>En navegar per la nostra p\u00e0gina web, es poden recollir dades no identificables que poden incloure adreces IP, ubicaci\u00f3 geogr\u00e0fica (aproximadament), un registre de com s\u2019utilitzen els serveis i llocs, i altres dades que no poden ser utilitzades per identificar l\u2019usuari. Entre les dades no identificatives hi s\u00f3n tamb\u00e9 les relacionades amb els seus h\u00e0bits de navegaci\u00f3 a trav\u00e9s de serveis de tercers.<\/p>\n<p>Aquesta web utilitza els serveis d\u2019an\u00e0lisis de tercers \u201cGoogle Analytics\u201d. Utilitzem aquesta informaci\u00f3 per analitzar tend\u00e8ncies i obtenir informaci\u00f3 de la manera en qu\u00e8 els usuaris naveguen dins del web.<\/p>\n<h3>Menors d\u2019edat<\/h3>\n<p>En el cas de persones menors de 13 anys es requereix el consentiment dels pares o tutors pel tractament de les seves dades personals. Si vost\u00e8 \u00e9s menor de 13 anys no ha de facilitar les seves dades ni la dels seus tutors en els formularis d\u2019aquesta web.<\/p>\n<h3>Canvis en la pol\u00edtica de privacitat<\/h3>\n<p>L\u2019entitat es reserva el dret a modificar la present pol\u00edtica per adaptar-la a les novetats legislatives o jurisprudencials que es puguin donar. En aquests sup\u00f2sits, els canvis es comunicaran pr\u00e8viament a la seva engegada i quedaran reflectits en la present pol\u00edtica de privacitat.<\/p>\n<h3>Refer\u00e8ncies legals<\/h3>\n<p>La present pol\u00edtica compleix amb l\u2019establert en el Reglament (UE) 2016\/679 del Parlament Europeu i del Consell de 27 d\u2019abril de 2016 relatiu a la protecci\u00f3 de les persones f\u00edsiques (RGPD), aix\u00ed com amb la Llei 34\/2002, d\u201911 de juliol, de serveis de la Societat de la Informaci\u00f3 i Comer\u00e7 Electr\u00f2nic (LSSICE).<\/p>\n<\/div><\/div><\/div><\/div><\/div>","protected":false},"excerpt":{"rendered":"","protected":false},"author":3,"featured_media":0,"parent":0,"menu_order":0,"comment_status":"closed","ping_status":"closed","template":"","meta":{"_acf_changed":false,"footnotes":""},"class_list":["post-7689","page","type-page","status-publish","hentry"],"acf":[],"_links":{"self":[{"href":"https:\/\/la.fccsm.net\/es\/wp-json\/wp\/v2\/pages\/7689","targetHints":{"allow":["GET"]}}],"collection":[{"href":"https:\/\/la.fccsm.net\/es\/wp-json\/wp\/v2\/pages"}],"about":[{"href":"https:\/\/la.fccsm.net\/es\/wp-json\/wp\/v2\/types\/page"}],"author":[{"embeddable":true,"href":"https:\/\/la.fccsm.net\/es\/wp-json\/wp\/v2\/users\/3"}],"replies":[{"embeddable":true,"href":"https:\/\/la.fccsm.net\/es\/wp-json\/wp\/v2\/comments?post=7689"}],"version-history":[{"count":10,"href":"https:\/\/la.fccsm.net\/es\/wp-json\/wp\/v2\/pages\/7689\/revisions"}],"predecessor-version":[{"id":27416,"href":"https:\/\/la.fccsm.net\/es\/wp-json\/wp\/v2\/pages\/7689\/revisions\/27416"}],"wp:attachment":[{"href":"https:\/\/la.fccsm.net\/es\/wp-json\/wp\/v2\/media?parent=7689"}],"curies":[{"name":"wp","href":"https:\/\/api.w.org\/{rel}","templated":true}]}}