{"id":7323,"date":"2018-02-06T12:55:38","date_gmt":"2018-02-06T11:55:38","guid":{"rendered":"https:\/politica-de-cookies\/"},"modified":"2018-02-06T14:09:13","modified_gmt":"2018-02-06T13:09:13","slug":"politica-de-cookies","status":"publish","type":"page","link":"https:\/\/la.fccsm.net\/es\/politica-de-cookies\/","title":{"rendered":"Pol\u00edtica de cookies"},"content":{"rendered":"<h1>Pol\u00edtica de cookies<\/h1>\n<p>Una cookie es un peque\u00f1o archivo de texto que se almacena en tu navegador cuando visitas casi cualquier p\u00e1gina web. Su utilidad es que la web sea capaz de recordar tu visita cuando vuelvas a navegar por esa p\u00e1gina. Las cookies suelen almacenar informaci\u00f3n de car\u00e1cter t\u00e9cnico, preferencias personales, personalizaci\u00f3n de contenidos, estad\u00edsticas de uso, enlaces a redes sociales, acceso a cuentas de usuario, etc. El objetivo de la cookie es adaptar el contenido de la web a tu perfil y necesidades, sin cookies los servicios ofrecidos por cualquier p\u00e1gina se ver\u00edan mermados notablemente. Si deseas consultar m\u00e1s informaci\u00f3n sobre qu\u00e9 son las cookies, qu\u00e9 almacenan, c\u00f3mo eliminarlas, desactivarlas, etc., te rogamos que te dirijas a <a href=\"https:\/\/\/es\/mes-informacio-sobre-les-cookies\/\" target=\"_blank\" rel=\"noopener\">este enlace<\/a>.<\/p>\n<h2>Cookies utilizadas en esta p\u00e1gina web<\/h2>\n<p>Siguiendo las directrices de la Agencia Espa\u00f1ola de Protecci\u00f3n de Datos procedemos a detallar el uso de cookies que hace esta web con la finalidad de informarle con la m\u00e1xima exactitud posible.<\/p>\n<p>Este sitio web utiliza las siguientes cookies propias:<\/p>\n<ul>\n<li>Cookies de sesi\u00f3n, para garantizar que los usuarios que escriban comentarios en el blog sean humanos y no aplicaciones automatizadas. De esta forma se combate el spam.<\/li>\n<\/ul>\n<p><span style=\"color: #ffffff;\">...<\/span><\/p>\n<p>Este sitio web utiliza las siguientes cookies de terceros:<\/p>\n<ul>\n<li>Google Analytics: Almacena cookies para poder elaborar estad\u00edsticas sobre el tr\u00e1fico y volumen de visitas de esta web. Al utilizar este sitio web est\u00e1 consintiendo el tratamiento de informaci\u00f3n sobre usted por parte de Google. Por lo tanto, el ejercicio de cualquier derecho en este sentido deber\u00e1 hacerlo comunicando directamente con Google.<\/li>\n<li>Redes sociales: Cada red social utiliza sus propias cookies para que usted pueda pulsar en botones del tipo Me gusta o Compartir.<\/li>\n<\/ul>\n<p><span style=\"color: #ffffff;\">...<\/span><\/p>\n<h2>Desactivaci\u00f3n o eliminaci\u00f3n de cookies<\/h2>\n<p>En cualquier momento podr\u00e1 ejercer su derecho de desactivaci\u00f3n o eliminaci\u00f3n de cookies de este sitio web. Estas acciones se realizan de forma diferente en funci\u00f3n del navegador que est\u00e9 usando. <a href=\"https:\/\/\/es\/mes-informacio-sobre-les-cookies\/\" target=\"_blank\" rel=\"noopener\">Aqu\u00ed le dejamos una gu\u00eda r\u00e1pida para los navegadores m\u00e1s populares.<\/a><\/p>\n<p><span style=\"color: #ffffff;\">...<\/span><\/p>\n<h2>Notas adicionales<\/h2>\n<ul>\n<li>Ni esta web ni sus representantes legales se hacen responsables ni del contenido ni de la veracidad de las pol\u00edticas de privacidad que puedan tener los terceros mencionados en esta pol\u00edtica de cookies.<\/li>\n<li>Los navegadores web son las herramientas encargadas de almacenar las cookies y desde este sitio debe ejercer su derecho a eliminaci\u00f3n o desactivaci\u00f3n de las mismas. Ni esta web ni sus representantes legales pueden garantizar la correcta o incorrecta manipulaci\u00f3n de las cookies por parte de los mencionados navegadores.<\/li>\n<li>En algunos casos es necesario instalar cookies para que el navegador no olvide su decisi\u00f3n de no aceptaci\u00f3n de las mismas.<\/li>\n<li>En el caso de las cookies de Google Analytics, esta empresa almacena las cookies en servidores ubicados en Estados Unidos y se compromete a no compartirla con terceros, excepto en los casos en los que sea necesario para el funcionamiento del sistema o cuando la ley obligue a tal efecto. Seg\u00fan Google no guarda su direcci\u00f3n IP. Google Inc. es una compa\u00f1\u00eda adherida al Acuerdo de Puerto Seguro que garantiza que todos los datos transferidos ser\u00e1n tratados con un nivel de protecci\u00f3n acorde a la normativa europea. Puede consultar informaci\u00f3n detallada al respecto en <a href=\"http:\/\/safeharbor.export.gov\/companyinfo.aspx?id=16626\" target=\"_blank\" rel=\"noopener\">este enlace<\/a>. Si desea informaci\u00f3n sobre el uso que Google da a las cookies <a href=\"https:\/\/developers.google.com\/analytics\/devguides\/collection\/analyticsjs\/cookie-usage?hl=es&amp;csw=1\" target=\"_blank\" rel=\"noopener\">Le adjuntamos este otro enlace<\/a>.<\/li>\n<li>Para cualquier duda o consulta sobre esta pol\u00edtica de cookies no dude en comunicarse con nosotros a trav\u00e9s de la secci\u00f3n de contacto.<\/li>\n<\/ul>\n<p>&nbsp;<\/p>\n<p>&nbsp;<\/p>","protected":false},"excerpt":{"rendered":"<p>Pol\u00edtica de cookies Una cookie \u00e9s un petit fitxer de text que s&#8217;emmagatzema en el seu navegador quan visita gaireb\u00e9 qualsevol p\u00e0gina web. La seva utilitat \u00e9s que la web sigui capa\u00e7 de recordar la seva visita quan torni a navegar per aquesta p\u00e0gina. Les cookies solen emmagatzemar informaci\u00f3 de car\u00e0cter t\u00e8cnic, prefer\u00e8ncies personals, personalitzaci\u00f3  [&#8230;]<\/p>\n","protected":false},"author":2,"featured_media":0,"parent":0,"menu_order":0,"comment_status":"closed","ping_status":"closed","template":"","meta":{"_acf_changed":false,"footnotes":""},"class_list":["post-7323","page","type-page","status-publish","hentry"],"acf":[],"_links":{"self":[{"href":"https:\/\/la.fccsm.net\/es\/wp-json\/wp\/v2\/pages\/7323","targetHints":{"allow":["GET"]}}],"collection":[{"href":"https:\/\/la.fccsm.net\/es\/wp-json\/wp\/v2\/pages"}],"about":[{"href":"https:\/\/la.fccsm.net\/es\/wp-json\/wp\/v2\/types\/page"}],"author":[{"embeddable":true,"href":"https:\/\/la.fccsm.net\/es\/wp-json\/wp\/v2\/users\/2"}],"replies":[{"embeddable":true,"href":"https:\/\/la.fccsm.net\/es\/wp-json\/wp\/v2\/comments?post=7323"}],"version-history":[{"count":6,"href":"https:\/\/la.fccsm.net\/es\/wp-json\/wp\/v2\/pages\/7323\/revisions"}],"predecessor-version":[{"id":7345,"href":"https:\/\/la.fccsm.net\/es\/wp-json\/wp\/v2\/pages\/7323\/revisions\/7345"}],"wp:attachment":[{"href":"https:\/\/la.fccsm.net\/es\/wp-json\/wp\/v2\/media?parent=7323"}],"curies":[{"name":"wp","href":"https:\/\/api.w.org\/{rel}","templated":true}]}}