{"id":8126,"date":"2018-10-23T11:30:38","date_gmt":"2018-10-23T09:30:38","guid":{"rendered":"https:\/?page_id=8126"},"modified":"2025-06-19T08:12:27","modified_gmt":"2025-06-19T06:12:27","slug":"jornades-de-la-fundacio-congres-catala-de-salut-mental","status":"publish","type":"page","link":"https:\/\/la.fccsm.net\/en\/jornades-fccsm\/jornades-de-la-fundacio-congres-catala-de-salut-mental\/","title":{"rendered":"Jornades i espais de debat"},"content":{"rendered":"<p><div class=\"fusion-fullwidth fullwidth-box fusion-builder-row-1 fusion-flex-container has-pattern-background has-mask-background nonhundred-percent-fullwidth non-hundred-percent-height-scrolling\" style=\"--awb-border-radius-top-left:0px;--awb-border-radius-top-right:0px;--awb-border-radius-bottom-right:0px;--awb-border-radius-bottom-left:0px;--awb-flex-wrap:wrap;\" ><div class=\"fusion-builder-row fusion-row fusion-flex-align-items-flex-start fusion-flex-content-wrap\" style=\"max-width:calc( 1170px + 0px );margin-left: calc(-0px \/ 2 );margin-right: calc(-0px \/ 2 );\"><div class=\"fusion-layout-column fusion_builder_column fusion-builder-column-0 fusion_builder_column_1_2 1_2 fusion-flex-column\" style=\"--awb-bg-size:cover;--awb-width-large:50%;--awb-margin-top-large:0px;--awb-spacing-right-large:0px;--awb-margin-bottom-large:0px;--awb-spacing-left-large:0px;--awb-width-medium:100%;--awb-order-medium:0;--awb-spacing-right-medium:0px;--awb-spacing-left-medium:0px;--awb-width-small:100%;--awb-order-small:0;--awb-spacing-right-small:0px;--awb-spacing-left-small:0px;\"><div class=\"fusion-column-wrapper fusion-column-has-shadow fusion-flex-justify-content-flex-start fusion-content-layout-column\"><div class=\"fusion-text fusion-text-1\"><p><strong>Jornada \u00c0gora<\/strong><br \/>\n\u201cABORDANT EL PROFESSIONALISME\u201d<\/p>\n<p>Aquesta nova \u00c0gora que presentem volem fer-la des de les veus dels professionals dels tres \u00e0mbits: atenci\u00f3 prim\u00e0ria, salut mental i ensenyament.<\/p>\n<p>Coorganitzades amb: FoCAP, ACPSM \u2013 AEN Catalunya i FCCSM<\/p>\n<p>Referents: Teresa Morandi, Esther Boixadera i Myriam Garcia<\/p>\n<p><strong>Data:\u00a0<\/strong>13 de mar\u00e7 2025. Biblioteca Bon Pastor<\/p>\n<p><strong>Jornada Inf\u00e0ncia i Adolesc\u00e8ncia.<\/strong><br \/>\n\u201cPRESSI\u00d3 EST\u00c8TICA, COS I MALESTARS EN LA INF\u00c0NCIA I L\u2019ADOLESC\u00c8NCIA\u201d<\/p>\n<p>La pressi\u00f3 i la viol\u00e8ncia est\u00e8tica s\u00f3n formes d\u2019opressi\u00f3 que afecten als nens i joves, i els adults tenim una responsabilitat a l\u2019hora de poder-los acompanyar. En aquesta jornada volem reflexionar sobre la manera que tenen els petits i el jovent d\u2019expressar el malestar i els conflictes posant el focus en el cos, tot considerant la pressi\u00f3 est\u00e8tica, i fent especial atenci\u00f3 als col\u00b7lectius m\u00e9s vulnerables.<\/p>\n<p>Organitza: Ct\u00e8 Congr\u00e9s Catal\u00e0 de Salut Mental de la Inf\u00e0ncia i l\u2019Adolesc\u00e8ncia<\/p>\n<p>Referents: Anna Robert, Empar Murgui i Sunsi Seg\u00fa.<\/p>\n<p><strong>Data:\u00a0<\/strong>12 de juny de 2025. Sala d\u2019actes del COTOC<\/p>\n<p>Amb el suport:<br \/>\nGeneralitat de Catalunya Ajuntament de Barcelona<\/p>\n<p>Col\u00b7laboren:<br \/>\nCol\u00b7legi Oficial de Treball Social de Catalunya (TSCAT)<br \/>\nCol\u00b7legi Oficial de Psicologia de Catalunya (COPC)<br \/>\nCol\u00b7legi Oficial d\u2019Infermeres i Infermers de Barcelona (COIB)<br \/>\nCol\u00b7legi d\u2019Educadores i Educadors Socials de Catalunya (CEESC)<br \/>\nCol\u00b7legi de Metges de Barcelona (CoMB)<br \/>\nCol\u00b7legi de Terapeutes Ocupacionals de Catalunya (COTOC)<\/p>\n<p><strong>8\u00e8 Congr\u00e9s Catal\u00e0 de Salut Mental<\/strong><br \/>\n\u201cCREATIVITAT, CULTURA I SALUT MENTAL\u201d.<\/p>\n<p><strong>MEMORIAL: \u201cA LES V\u00cdCTIMES EN ZONES DE CONFLICTE\u201d<\/strong><br \/>\nSal\u00f3 de Cent. Ajuntament de Barcelona, 12 de novembre de 2025<\/p>\n<p>En aquesta edici\u00f3 volem reivindicar el valor dels processos de creaci\u00f3 art\u00edstica com un element de sensibilitzaci\u00f3 per la millora dels itineraris de recuperaci\u00f3, socialitzaci\u00f3 i inclusi\u00f3 en la comunitat del col\u00b7lectiu de persones amb patiment emocional i a la vegada fer possible un espai de debat, intercanvi i creaci\u00f3 col\u00b7lectiva.<\/p>\n<p>Amb el suport:<br \/>\nGeneralitat de Catalunya Ajuntament de Barcelona<\/p>\n<p>Col\u00b7laboren:<br \/>\nCol\u00b7legi Oficial de Treball Social de Catalunya (TSCAT)<br \/>\nCol\u00b7legi Oficial de Psicologia de Catalunya (COPC)<br \/>\nCol\u00b7legi Oficial d\u2019Infermeres i Infermers de Barcelona (COIB)<br \/>\nCol\u00b7legi d\u2019Educadores i Educadors Socials de Catalunya (CEESC)<br \/>\nCol\u00b7legi de Metges de Barcelona (CoMB)<br \/>\nCol\u00b7legi de Terapeutes Ocupacionals de Catalunya (COTOC)<\/p>\n<p>Referents: Jose Fernandez, Anna Carri\u00f3 i Ada Ruiz<\/p>\n<p><strong>Dates:\u00a0<\/strong>13 i 14 de novembre 2025. Sala d\u2019actes del CoMB<\/p>\n<\/div><\/div><\/div><div class=\"fusion-layout-column fusion_builder_column fusion-builder-column-1 fusion_builder_column_1_2 1_2 fusion-flex-column\" style=\"--awb-bg-size:cover;--awb-width-large:50%;--awb-margin-top-large:0px;--awb-spacing-right-large:0px;--awb-margin-bottom-large:0px;--awb-spacing-left-large:0px;--awb-width-medium:100%;--awb-order-medium:0;--awb-spacing-right-medium:0px;--awb-spacing-left-medium:0px;--awb-width-small:100%;--awb-order-small:0;--awb-spacing-right-small:0px;--awb-spacing-left-small:0px;\"><div class=\"fusion-column-wrapper fusion-column-has-shadow fusion-flex-justify-content-flex-start fusion-content-layout-column\"><div class=\"fusion-title title fusion-title-1 fusion-title-center fusion-title-text fusion-title-size-three\" style=\"--awb-margin-top-small:0px;--awb-margin-bottom-small:20px;\"><div class=\"title-sep-container title-sep-container-left\"><div class=\"title-sep sep- sep-solid\" style=\"border-color:var(--awb-color3);\"><\/div><\/div><span class=\"awb-title-spacer\"><\/span><h3 class=\"fusion-title-heading title-heading-center awb-responsive-type__disable\" style=\"margin:0;text-transform:none;\">2025<\/h3><span class=\"awb-title-spacer\"><\/span><div class=\"title-sep-container title-sep-container-right\"><div class=\"title-sep sep- sep-solid\" style=\"border-color:var(--awb-color3);\"><\/div><\/div><\/div><div class=\"fusion-post-cards fusion-post-cards-1 fusion-grid-archive fusion-grid-columns-1\" style=\"--awb-column-spacing:0px;--awb-dots-align:center;--awb-columns:1;--awb-active-filter-border-size:3px;--awb-filters-height:36px;\" data-post-type-label=\"posts\"><ul class=\"fusion-grid fusion-grid-1 fusion-flex-align-items-flex-start fusion-grid-posts-cards\"><li class=\"fusion-layout-column fusion_builder_column fusion-builder-column-2 fusion-flex-column post-card fusion-grid-column fusion-post-cards-grid-column\" style=\"--awb-bg-blend:overlay;--awb-bg-size:cover;--awb-flex-grow:0;--awb-flex-shrink:0;--awb-flex-grow-medium:0;--awb-flex-shrink-medium:0;--awb-flex-grow-small:0;--awb-flex-shrink-small:0;\" data-scroll-devices=\"small-visibility,medium-visibility,large-visibility\"><div class=\"fusion-column-wrapper fusion-column-has-shadow fusion-flex-justify-content-space-between fusion-content-layout-column\"><div class=\"fusion-classic-product-image-wrapper fusion-woo-product-image fusion-post-card-image fusion-post-card-image-1 product-images\" data-layout=\"crossfade\" style=\"--awb-margin-bottom:40px;\"><a href=\"https:\/\/la.fccsm.net\/en\/congressos-salut-mental\/8e-congres-catala-de-salut-mental-2025\/8e-congres-de-sm-conclusions\/\" title=\"8\u00e8 congr\u00e9s de SM &#8211; Conclusions\"><div class=\"featured-image\">\n\t\t<img decoding=\"async\" width=\"1600\" height=\"900\" src=\"https:\/\/la.fccsm.net\/wp-content\/uploads\/2025\/09\/8congressalutmental-sense-text-fosca.jpg\" class=\"attachment-full size-full lazyload wp-post-image\" alt=\"\" srcset=\"data:image\/svg+xml,%3Csvg%20xmlns%3D%27http%3A%2F%2Fwww.w3.org%2F2000%2Fsvg%27%20width%3D%271600%27%20height%3D%27900%27%20viewBox%3D%270%200%201600%20900%27%3E%3Crect%20width%3D%271600%27%20height%3D%27900%27%20fill-opacity%3D%220%22%2F%3E%3C%2Fsvg%3E\" data-orig-src=\"https:\/\/la.fccsm.net\/wp-content\/uploads\/2025\/09\/8congressalutmental-sense-text-fosca.jpg\" data-srcset=\"https:\/\/la.fccsm.net\/wp-content\/uploads\/2025\/09\/8congressalutmental-sense-text-fosca-200x113.jpg 200w, https:\/\/la.fccsm.net\/wp-content\/uploads\/2025\/09\/8congressalutmental-sense-text-fosca-400x225.jpg 400w, https:\/\/la.fccsm.net\/wp-content\/uploads\/2025\/09\/8congressalutmental-sense-text-fosca-600x338.jpg 600w, https:\/\/la.fccsm.net\/wp-content\/uploads\/2025\/09\/8congressalutmental-sense-text-fosca-800x450.jpg 800w, https:\/\/la.fccsm.net\/wp-content\/uploads\/2025\/09\/8congressalutmental-sense-text-fosca-1200x675.jpg 1200w, https:\/\/la.fccsm.net\/wp-content\/uploads\/2025\/09\/8congressalutmental-sense-text-fosca.jpg 1600w\" data-sizes=\"auto\" \/>\n\t<\/div>\n<\/a><\/div><div class=\"fusion-title title fusion-title-2 fusion-title-text fusion-title-size-two\" style=\"--awb-margin-right:10px;--awb-margin-bottom:15px;--awb-margin-left:10px;--awb-margin-top-small:0px;--awb-margin-right-small:10px;--awb-margin-bottom-small:20px;--awb-margin-left-small:10px;--awb-link-color:hsla(var(--awb-color8-h),var(--awb-color8-s),calc( var(--awb-color8-l) + 16% ),var(--awb-color8-a));--awb-font-size:var(--awb-custom_typography_1-font-size);\"><div class=\"title-sep-container title-sep-container-left fusion-no-large-visibility fusion-no-medium-visibility fusion-no-small-visibility\"><div class=\"title-sep sep- sep-solid\" style=\"border-color:var(--awb-color3);\"><\/div><\/div><span class=\"awb-title-spacer fusion-no-large-visibility fusion-no-medium-visibility fusion-no-small-visibility\"><\/span><h2 class=\"fusion-title-heading title-heading-left\" style=\"font-family:var(--awb-custom_typography_1-font-family);font-weight:var(--awb-custom_typography_1-font-weight);font-style:var(--awb-custom_typography_1-font-style);margin:0;letter-spacing:var(--awb-custom_typography_1-letter-spacing);text-transform:var(--awb-custom_typography_1-text-transform);font-size:1em;line-height:var(--awb-custom_typography_1-line-height);\"><a href=\"https:\/\/la.fccsm.net\/en\/congressos-salut-mental\/8e-congres-catala-de-salut-mental-2025\/8e-congres-de-sm-conclusions\/\" class=\"awb-custom-text-color awb-custom-text-hover-color\" target=\"_self\">8\u00e8 congr\u00e9s de SM &#8211; Conclusions<\/a><\/h2><span class=\"awb-title-spacer\"><\/span><div class=\"title-sep-container title-sep-container-right\"><div class=\"title-sep sep- sep-solid\" style=\"border-color:var(--awb-color3);\"><\/div><\/div><\/div><div class=\"fusion-text fusion-text-2 fusion-text-no-margin\" style=\"--awb-font-size:9px;--awb-margin-right:2vw;--awb-margin-bottom:20px;--awb-margin-left:10px;\"><\/div><div ><a class=\"fusion-button button-flat button-large button-custom fusion-button-default button-1 fusion-button-default-span fusion-button-default-type\" style=\"--button_accent_color:var(--awb-color4);--button_border_color:var(--awb-color4);--button_accent_hover_color:var(--awb-color4);--button_border_hover_color:var(--awb-color4);--button_gradient_top_color:rgba(241,246,255,0);--button_gradient_bottom_color:rgba(241,246,255,0);--button_gradient_top_color_hover:rgba(0,87,255,0);--button_gradient_bottom_color_hover:rgba(0,87,255,0);--button_text_transform:capitalize;--button_margin-left:-21px;\" target=\"_self\" href=\"https:\/\/la.fccsm.net\/en\/congressos-salut-mental\/8e-congres-catala-de-salut-mental-2025\/8e-congres-de-sm-conclusions\/\"><span class=\"fusion-button-text awb-button__text awb-button__text--default\">Read more<\/span><\/a><\/div><\/div><\/li>\n<\/ul><\/div><\/div><\/div><\/div><\/div><div class=\"fusion-fullwidth fullwidth-box fusion-builder-row-2 fusion-flex-container has-pattern-background has-mask-background nonhundred-percent-fullwidth non-hundred-percent-height-scrolling\" style=\"--awb-border-radius-top-left:0px;--awb-border-radius-top-right:0px;--awb-border-radius-bottom-right:0px;--awb-border-radius-bottom-left:0px;--awb-padding-right:0px;--awb-padding-left:0px;--awb-flex-wrap:wrap;\" ><div class=\"fusion-builder-row fusion-row fusion-flex-align-items-flex-start fusion-flex-content-wrap\" style=\"max-width:calc( 1170px + 0px );margin-left: calc(-0px \/ 2 );margin-right: calc(-0px \/ 2 );\"><div class=\"fusion-layout-column fusion_builder_column fusion-builder-column-3 fusion_builder_column_1_1 1_1 fusion-flex-column\" style=\"--awb-bg-size:cover;--awb-width-large:100%;--awb-flex-grow:0;--awb-flex-shrink:0;--awb-margin-top-large:0px;--awb-spacing-right-large:0px;--awb-margin-bottom-large:0px;--awb-spacing-left-large:0px;--awb-width-medium:100%;--awb-order-medium:0;--awb-flex-grow-medium:0;--awb-flex-shrink-medium:0;--awb-spacing-right-medium:0px;--awb-spacing-left-medium:0px;--awb-width-small:100%;--awb-order-small:0;--awb-flex-grow-small:0;--awb-flex-shrink-small:0;--awb-spacing-right-small:0px;--awb-spacing-left-small:0px;\"><div class=\"fusion-column-wrapper fusion-column-has-shadow fusion-flex-justify-content-flex-start fusion-content-layout-column\"><div class=\"fusion-title title fusion-title-3 fusion-title-center fusion-title-text fusion-title-size-three\" style=\"--awb-margin-top-small:0px;--awb-margin-bottom-small:20px;\"><div class=\"title-sep-container title-sep-container-left\"><div class=\"title-sep sep- sep-solid\" style=\"border-color:var(--awb-color3);\"><\/div><\/div><span class=\"awb-title-spacer\"><\/span><h3 class=\"fusion-title-heading title-heading-center awb-responsive-type__disable\" style=\"margin:0;text-transform:none;\">2024<\/h3><span class=\"awb-title-spacer\"><\/span><div class=\"title-sep-container title-sep-container-right\"><div class=\"title-sep sep- sep-solid\" style=\"border-color:var(--awb-color3);\"><\/div><\/div><\/div><div class=\"fusion-title title fusion-title-4 fusion-title-center fusion-title-text fusion-title-size-three\" style=\"--awb-margin-top-small:0px;--awb-margin-bottom-small:20px;\"><div class=\"title-sep-container title-sep-container-left\"><div class=\"title-sep sep- sep-solid\" style=\"border-color:var(--awb-color3);\"><\/div><\/div><span class=\"awb-title-spacer\"><\/span><h3 class=\"fusion-title-heading title-heading-center awb-responsive-type__disable\" style=\"margin:0;text-transform:none;\">2023<\/h3><span class=\"awb-title-spacer\"><\/span><div class=\"title-sep-container title-sep-container-right\"><div class=\"title-sep sep- sep-solid\" style=\"border-color:var(--awb-color3);\"><\/div><\/div><\/div><div class=\"fusion-title title fusion-title-5 fusion-title-center fusion-title-text fusion-title-size-three\" style=\"--awb-margin-top-small:0px;--awb-margin-bottom-small:20px;\"><div class=\"title-sep-container title-sep-container-left\"><div class=\"title-sep sep- sep-solid\" style=\"border-color:var(--awb-color3);\"><\/div><\/div><span class=\"awb-title-spacer\"><\/span><h3 class=\"fusion-title-heading title-heading-center awb-responsive-type__disable\" style=\"margin:0;text-transform:none;\">2022<\/h3><span class=\"awb-title-spacer\"><\/span><div class=\"title-sep-container title-sep-container-right\"><div class=\"title-sep sep- sep-solid\" style=\"border-color:var(--awb-color3);\"><\/div><\/div><\/div><div class=\"fusion-title title fusion-title-6 fusion-title-center fusion-title-text fusion-title-size-three\" style=\"--awb-margin-top-small:0px;--awb-margin-bottom-small:20px;\"><div class=\"title-sep-container title-sep-container-left\"><div class=\"title-sep sep- sep-solid\" style=\"border-color:var(--awb-color3);\"><\/div><\/div><span class=\"awb-title-spacer\"><\/span><h3 class=\"fusion-title-heading title-heading-center awb-responsive-type__disable\" style=\"margin:0;text-transform:none;\">2021<\/h3><span class=\"awb-title-spacer\"><\/span><div class=\"title-sep-container title-sep-container-right\"><div class=\"title-sep sep- sep-solid\" style=\"border-color:var(--awb-color3);\"><\/div><\/div><\/div><\/div><\/div><\/div><\/div><\/p>","protected":false},"excerpt":{"rendered":"","protected":false},"author":3,"featured_media":0,"parent":320,"menu_order":0,"comment_status":"closed","ping_status":"closed","template":"100-width.php","meta":{"_acf_changed":false,"footnotes":""},"class_list":["post-8126","page","type-page","status-publish","hentry"],"acf":[],"_links":{"self":[{"href":"https:\/\/la.fccsm.net\/en\/wp-json\/wp\/v2\/pages\/8126","targetHints":{"allow":["GET"]}}],"collection":[{"href":"https:\/\/la.fccsm.net\/en\/wp-json\/wp\/v2\/pages"}],"about":[{"href":"https:\/\/la.fccsm.net\/en\/wp-json\/wp\/v2\/types\/page"}],"author":[{"embeddable":true,"href":"https:\/\/la.fccsm.net\/en\/wp-json\/wp\/v2\/users\/3"}],"replies":[{"embeddable":true,"href":"https:\/\/la.fccsm.net\/en\/wp-json\/wp\/v2\/comments?post=8126"}],"version-history":[{"count":46,"href":"https:\/\/la.fccsm.net\/en\/wp-json\/wp\/v2\/pages\/8126\/revisions"}],"predecessor-version":[{"id":20283,"href":"https:\/\/la.fccsm.net\/en\/wp-json\/wp\/v2\/pages\/8126\/revisions\/20283"}],"up":[{"embeddable":true,"href":"https:\/\/la.fccsm.net\/en\/wp-json\/wp\/v2\/pages\/320"}],"wp:attachment":[{"href":"https:\/\/la.fccsm.net\/en\/wp-json\/wp\/v2\/media?parent=8126"}],"curies":[{"name":"wp","href":"https:\/\/api.w.org\/{rel}","templated":true}]}}