{"id":513,"date":"2012-12-12T11:51:31","date_gmt":"2012-12-12T10:51:31","guid":{"rendered":"https:\/?page_id=513"},"modified":"2025-07-23T10:25:52","modified_gmt":"2025-07-23T08:25:52","slug":"amics","status":"publish","type":"page","link":"https:\/\/la.fccsm.net\/en\/amics\/","title":{"rendered":"Amics de la Fundaci\u00f3 CCSM"},"content":{"rendered":"<div class=\"fusion-fullwidth fullwidth-box fusion-builder-row-1 fusion-flex-container nonhundred-percent-fullwidth non-hundred-percent-height-scrolling\" style=\"--awb-border-radius-top-left:0px;--awb-border-radius-top-right:0px;--awb-border-radius-bottom-right:0px;--awb-border-radius-bottom-left:0px;--awb-flex-wrap:wrap;\" ><div class=\"fusion-builder-row fusion-row fusion-flex-align-items-flex-start fusion-flex-content-wrap\" style=\"max-width:calc( 1170px + 0px );margin-left: calc(-0px \/ 2 );margin-right: calc(-0px \/ 2 );\"><div class=\"fusion-layout-column fusion_builder_column fusion-builder-column-0 fusion_builder_column_1_1 1_1 fusion-flex-column\" style=\"--awb-bg-size:cover;--awb-width-large:100%;--awb-margin-top-large:0px;--awb-spacing-right-large:0px;--awb-margin-bottom-large:0px;--awb-spacing-left-large:0px;--awb-width-medium:100%;--awb-spacing-right-medium:0px;--awb-spacing-left-medium:0px;--awb-width-small:100%;--awb-spacing-right-small:0px;--awb-spacing-left-small:0px;\"><div class=\"fusion-column-wrapper fusion-flex-justify-content-flex-start fusion-content-layout-column\"><div class=\"fusion-text fusion-text-1\"><p style=\"text-align: justify;\"><a href=\"http:\/\/la.fccsm.net\/wp-content\/uploads\/2019\/02\/amics-fundacio.jpg\"><img decoding=\"async\" class=\"lazyload wp-image-8720 alignleft\" src=\"http:\/\/la.fccsm.net\/wp-content\/uploads\/2019\/02\/amics-fundacio.jpg\" data-orig-src=\"http:\/\/la.fccsm.net\/wp-content\/uploads\/2019\/02\/amics-fundacio.jpg\" alt=\"\" width=\"350\" height=\"263\" srcset=\"data:image\/svg+xml,%3Csvg%20xmlns%3D%27http%3A%2F%2Fwww.w3.org%2F2000%2Fsvg%27%20width%3D%27350%27%20height%3D%27263%27%20viewBox%3D%270%200%20350%20263%27%3E%3Crect%20width%3D%27350%27%20height%3D%27263%27%20fill-opacity%3D%220%22%2F%3E%3C%2Fsvg%3E\" data-srcset=\"https:\/\/la.fccsm.net\/wp-content\/uploads\/2019\/02\/amics-fundacio-300x225.jpg 300w, https:\/\/la.fccsm.net\/wp-content\/uploads\/2019\/02\/amics-fundacio.jpg 600w\" data-sizes=\"auto\" data-orig-sizes=\"(max-width: 350px) 100vw, 350px\" \/><\/a><\/p>\n<h4>&nbsp;<\/h4>\n<p style=\"text-align: justify;\">La vostra participaci\u00f3 i col\u00b7laboraci\u00f3 pot ser de gran ajuda per el funcionament de la nostra organitzaci\u00f3 i l\u2019assoliment dels seus objectius.<\/p>\n<p style=\"text-align: justify;\">La <strong>Catalan Congress of Mental Health Foundation<\/strong>, entitat formada per professionals de l\u2019\u00e0mbit de la salut mental, compta actualment amb una base associativa s\u00f2lida i compromesa.<\/p>\n<p style=\"text-align: justify;\">L&#8217;entitat rep anualment algunes ajudes provinents dels organismes p\u00fablics i privats aix\u00ed com dels seus socis protectors. Tot i aix\u00ed, la col\u00b7laboraci\u00f3 dels Amics\/gues de la Fundaci\u00f3, \u00e9s fonamental per qu\u00e8 la nostra entitat pugui continuar actuant i incidint en la promoci\u00f3 i la millora de la salut mental a Catalunya.<\/p>\n<p style=\"text-align: justify;\">La FCCSM ofereix a totes les persones i entitats interessades per l\u2019estudi i el debat entorn a la salut mental, la possibilitat d&#8217;adherir-se al nostre projecte com a <strong>Amic de la Fundaci\u00f3<\/strong>.<\/p>\n<p style=\"text-align: justify;\">Ser <strong>Amic de la Fundaci\u00f3<\/strong> permet rebre de forma peri\u00f2dica documentaci\u00f3 i informaci\u00f3 de les activitats pr\u00f2pies i d\u2019altres, participar de forma activa en els seus projectes i obtenir un descompte de les activitats organitzades per la Fundaci\u00f3.<\/p>\n<blockquote>\n<p>Vols fer-te amic de la FCCSM? Descarrega el <strong><a href=\"http:\/\/la.fccsm.net\/wp-content\/uploads\/2025\/01\/butlleta-amic-fccsm.pdf\"><span style=\"color: #015e5e;\">formulari<\/span><\/a><\/strong> i torna&#8217;l degudament omplert i signat a info@fccsm.net<\/p>\n<\/blockquote>\n<h4><span style=\"color: #015e5e;\">Per qu\u00e8 fer-se amic\/ga de la Fundaci\u00f3?<\/span><\/h4>\n<ul>\n<li>Per sumar-se a un grup de persones que treballen per <strong>millorar l\u2019atenci\u00f3<\/strong> i la promoci\u00f3 de la salut mental.<\/li>\n<li>Per contribuir a garantir la <strong>igualtat d\u2019oportunitats<\/strong> dels malalts.<\/li>\n<li>Per evitar l\u2019<strong>exclusi\u00f3 social<\/strong> i fomentar la <strong>sensibilitzaci\u00f3<\/strong> sobre una problem\u00e0tica que afecta milers de ciutadans.<\/li>\n<li>Per col\u00b7laborar en la <strong>innovaci\u00f3<\/strong> i la <strong>creativitat<\/strong> en l&#8217;\u00e0mbit de la salut.<\/li>\n<li>Per contribuir a la formaci\u00f3 d\u2019una <strong>societat m\u00e9s justa<\/strong>, m\u00e9s integradora, m\u00e9s comprensiva, m\u00e9s respectuosa, m\u00e9s c\u00edvica.<\/li>\n<li>Per participar en un <strong>espai de trobada<\/strong> i intercanvi professional i ciutad\u00e0 sobre salut mental.<\/li>\n<li>Per reflexionar i participar en la <strong>construcci\u00f3 del concepte de salut mental<\/strong> i con\u00e8ixer en profunditat els processos socials, familiars, laborals que incideixen en la salut de les persones.<\/li>\n<\/ul>\n<h4><span style=\"color: #015e5e;\">Quines contraprestacions tenen els amics\/gues de la Fundaci\u00f3?<\/span><\/h4>\n<ul>\n<li>Poder participar de forma activa en els projectes de la FCCSM.<\/li>\n<li>Implicar-se en algun dels grups de treball i reflexi\u00f3.<\/li>\n<li>Rebre peri\u00f2dicament documentaci\u00f3 i informaci\u00f3 sobre salut mental.<\/li>\n<li>Obtenir descomptes en les activitats organitzades per la Fundaci\u00f3.<\/li>\n<li>Entrar a formar part d\u2019un col\u00b7lectiu que escolta, acompanya, lluita \/ treballa i no es resigna.<\/li>\n<\/ul>\n<h4><span style=\"color: #015e5e;\">Quin cost t\u00e9 fer-se amic\/ga de la Fundaci\u00f3?<\/span><\/h4>\n<p style=\"text-align: justify;\">La quota anual \u00e9s de <strong>70\u20ac<\/strong> per a <strong>adhesions individuals&nbsp;<\/strong>(persones f\u00edsiques) i de <strong>150\u20ac<\/strong> per les <strong>adhesions d&#8217;un col\u00b7lectiu&nbsp;<\/strong>(persones jur\u00eddiques)<strong>&nbsp;<\/strong>que la Fundaci\u00f3 ingressar\u00e0 mitjan\u00e7ant c\u00e0rrec bancari al n\u00famero de compte facilitat en el formulari d\u2019alta.<br \/>* Com a amics de la Fundaci\u00f3 teniu dret a una deducci\u00f3 de fins el 25% de l&#8217;aportaci\u00f3 de la quota en la vostra declaraci\u00f3 d&#8217;hisenda.<\/p>\n<p style=\"text-align: justify;\">Si teniu qualsevol dubte, podeu contactar amb nosaltres al telefon 93-238.62.47 o a l&#8217;adre\u00e7a <span style=\"color: #008000;\"><a style=\"color: #008000;\" href=\"mailto:info@\">info@<\/a><\/span><\/p>\n<blockquote>\n<p>Vols fer-te amic de la FCCSM? Descarrega el <strong><a href=\"http:\/\/la.fccsm.net\/wp-content\/uploads\/2025\/01\/butlleta-amic-fccsm.pdf\"><span style=\"color: #015e5e;\">formulari<\/span><\/a><\/strong> i torna&#8217;l degudament omplert i signat a info@fccsm.net<\/p>\n<\/blockquote>\n<h4><span style=\"color: #015e5e;\">Altres formes de col\u00b7laborar<\/span><\/h4>\n<p>Si voleu tamb\u00e9 podeu col\u00b7laborar puntualment amb la Fundaci\u00f3 fent un donatiu al n\u00famero de compte bancari&nbsp;ES05 2100 3109 6022 0013 7911.<\/p>\n<\/div><\/div><\/div><\/div><\/div>","protected":false},"excerpt":{"rendered":"","protected":false},"author":2,"featured_media":0,"parent":0,"menu_order":4,"comment_status":"open","ping_status":"closed","template":"","meta":{"_acf_changed":false,"footnotes":""},"class_list":["post-513","page","type-page","status-publish","hentry"],"acf":[],"_links":{"self":[{"href":"https:\/\/la.fccsm.net\/en\/wp-json\/wp\/v2\/pages\/513","targetHints":{"allow":["GET"]}}],"collection":[{"href":"https:\/\/la.fccsm.net\/en\/wp-json\/wp\/v2\/pages"}],"about":[{"href":"https:\/\/la.fccsm.net\/en\/wp-json\/wp\/v2\/types\/page"}],"author":[{"embeddable":true,"href":"https:\/\/la.fccsm.net\/en\/wp-json\/wp\/v2\/users\/2"}],"replies":[{"embeddable":true,"href":"https:\/\/la.fccsm.net\/en\/wp-json\/wp\/v2\/comments?post=513"}],"version-history":[{"count":83,"href":"https:\/\/la.fccsm.net\/en\/wp-json\/wp\/v2\/pages\/513\/revisions"}],"predecessor-version":[{"id":17549,"href":"https:\/\/la.fccsm.net\/en\/wp-json\/wp\/v2\/pages\/513\/revisions\/17549"}],"wp:attachment":[{"href":"https:\/\/la.fccsm.net\/en\/wp-json\/wp\/v2\/media?parent=513"}],"curies":[{"name":"wp","href":"https:\/\/api.w.org\/{rel}","templated":true}]}}