{"id":29142,"date":"2026-04-13T19:24:36","date_gmt":"2026-04-13T17:24:36","guid":{"rendered":"https:\/\/la.fccsm.net\/?page_id=29142"},"modified":"2026-04-16T18:25:49","modified_gmt":"2026-04-16T16:25:49","slug":"grup-de-treball-congres-catala-salut-mental-infancia-i-adolescencia","status":"publish","type":"page","link":"https:\/\/la.fccsm.net\/en\/grup-de-treball-congres-catala-salut-mental-infancia-i-adolescencia\/","title":{"rendered":"Comit\u00e8 Congr\u00e9s Catal\u00e0 Salut Mental"},"content":{"rendered":"<p><div class=\"fusion-fullwidth fullwidth-box fusion-builder-row-1 fusion-flex-container has-pattern-background has-mask-background hundred-percent-fullwidth non-hundred-percent-height-scrolling\" style=\"--awb-border-radius-top-left:0px;--awb-border-radius-top-right:0px;--awb-border-radius-bottom-right:0px;--awb-border-radius-bottom-left:0px;--awb-padding-top:20px;--awb-padding-bottom:20px;--awb-flex-wrap:wrap;\" ><div class=\"fusion-builder-row fusion-row fusion-flex-align-items-center fusion-flex-content-wrap\" style=\"width:calc( 100% + 0px ) !important;max-width:calc( 100% + 0px ) !important;margin-left: calc(-0px \/ 2 );margin-right: calc(-0px \/ 2 );\"><div class=\"fusion-layout-column fusion_builder_column fusion-builder-column-0 fusion_builder_column_1_1 1_1 fusion-flex-column\" style=\"--awb-bg-blend:overlay;--awb-bg-size:cover;--awb-width-large:100%;--awb-margin-top-large:0px;--awb-spacing-right-large:20px;--awb-margin-bottom-large:0px;--awb-spacing-left-large:0px;--awb-width-medium:100%;--awb-spacing-right-medium:0px;--awb-spacing-left-medium:0px;--awb-width-small:100%;--awb-spacing-right-small:0px;--awb-spacing-left-small:0px;\"><div class=\"fusion-column-wrapper fusion-flex-justify-content-flex-start fusion-content-layout-column\"><div class=\"fusion-image-element\" style=\"text-align:center;--awb-caption-title-font-family:var(--h2_typography-font-family);--awb-caption-title-font-weight:var(--h2_typography-font-weight);--awb-caption-title-font-style:var(--h2_typography-font-style);--awb-caption-title-size:var(--h2_typography-font-size);--awb-caption-title-transform:var(--h2_typography-text-transform);--awb-caption-title-line-height:var(--h2_typography-line-height);--awb-caption-title-letter-spacing:var(--h2_typography-letter-spacing);\"><span class=\"fusion-imageframe imageframe-none imageframe-1 hover-type-none\"><img decoding=\"async\" width=\"421\" height=\"231\" title=\"ccsmia3\" src=\"https:\/\/la.fccsm.net\/wp-content\/uploads\/2026\/04\/ccsmia3.jpg\" data-orig-src=\"https:\/\/la.fccsm.net\/wp-content\/uploads\/2026\/04\/ccsmia3.jpg\" alt class=\"lazyload img-responsive wp-image-29144\" srcset=\"data:image\/svg+xml,%3Csvg%20xmlns%3D%27http%3A%2F%2Fwww.w3.org%2F2000%2Fsvg%27%20width%3D%27421%27%20height%3D%27231%27%20viewBox%3D%270%200%20421%20231%27%3E%3Crect%20width%3D%27421%27%20height%3D%27231%27%20fill-opacity%3D%220%22%2F%3E%3C%2Fsvg%3E\" data-srcset=\"https:\/\/la.fccsm.net\/wp-content\/uploads\/2026\/04\/ccsmia3-200x110.jpg 200w, https:\/\/la.fccsm.net\/wp-content\/uploads\/2026\/04\/ccsmia3-400x219.jpg 400w, https:\/\/la.fccsm.net\/wp-content\/uploads\/2026\/04\/ccsmia3.jpg 421w\" data-sizes=\"auto\" data-orig-sizes=\"(max-width: 1024px) 100vw, (max-width: 640px) 100vw, 421px\" \/><\/span><\/div><\/div><\/div><\/div><\/div><div class=\"fusion-fullwidth fullwidth-box fusion-builder-row-2 fusion-flex-container hundred-percent-fullwidth non-hundred-percent-height-scrolling\" style=\"--awb-border-radius-top-left:0px;--awb-border-radius-top-right:0px;--awb-border-radius-bottom-right:0px;--awb-border-radius-bottom-left:0px;--awb-padding-top:0px;--awb-padding-right:2%;--awb-padding-left:2%;--awb-flex-wrap:wrap;\" ><div class=\"fusion-builder-row fusion-row fusion-flex-align-items-flex-start fusion-flex-content-wrap\" style=\"width:calc( 100% + 0px ) !important;max-width:calc( 100% + 0px ) !important;margin-left: calc(-0px \/ 2 );margin-right: calc(-0px \/ 2 );\"><div class=\"fusion-layout-column fusion_builder_column fusion-builder-column-1 fusion_builder_column_1_1 1_1 fusion-flex-column\" style=\"--awb-bg-blend:overlay;--awb-bg-size:cover;--awb-width-large:100%;--awb-margin-top-large:0px;--awb-spacing-right-large:0px;--awb-margin-bottom-large:0px;--awb-spacing-left-large:calc( 0.026666666666667 * calc( 100% - 0 ) );--awb-width-medium:100%;--awb-spacing-right-medium:0px;--awb-spacing-left-medium:0px;--awb-width-small:100%;--awb-spacing-right-small:0px;--awb-spacing-left-small:0px;\"><div class=\"fusion-column-wrapper fusion-flex-justify-content-flex-start fusion-content-layout-row\"><\/div><\/div><div class=\"fusion-layout-column fusion_builder_column fusion-builder-column-2 fusion_builder_column_1_1 1_1 fusion-flex-column\" style=\"--awb-padding-top:20px;--awb-bg-blend:overlay;--awb-bg-size:cover;--awb-width-large:100%;--awb-margin-top-large:0px;--awb-spacing-right-large:0px;--awb-margin-bottom-large:0px;--awb-spacing-left-large:0px;--awb-width-medium:100%;--awb-spacing-right-medium:0px;--awb-spacing-left-medium:0px;--awb-width-small:100%;--awb-spacing-right-small:0px;--awb-spacing-left-small:0px;\"><div class=\"fusion-column-wrapper fusion-flex-justify-content-flex-start fusion-content-layout-column\"><div class=\"fusion-text fusion-text-1\"><\/div><div class=\"fusion-text fusion-text-2\"><h2>Qui som?<\/h2>\n<p>El Comit\u00e8 est\u00e0 format per professionals que hi estan en representaci\u00f3 de les seves entitats de refer\u00e8ncia, la majoria dispositius de la xarxa p\u00fablica de Salut Mental d\u2019Inf\u00e0ncia i Adolesc\u00e8ncia. Ho completa un grup amb la qualitat d\u2019experts i amb traject\u00f2ria rellevant pr\u00e8via en el treball del CCSMIIA. Integra representants de disciplines diverses que convergeixen en la Salut mental dels infants, i pret\u00e9n una representativitat geogr\u00e0fica.<\/p>\n<h2>Objectiu<\/h2>\n<p>La tasca principal del Comit\u00e8 \u00e9s la producci\u00f3\u00a0<u>f<\/u>ormativa\u00a0en format\u00a0de jornades o congressos. Congressos s\u00f3n triennals alternant amb jornades pre i postcongr\u00e9s o Monogr\u00e0fiques.<\/p>\n<h2>Organitzaci\u00f3 i funcionament<\/h2>\n<p>El Comit\u00e8 es reuneix peri\u00f2dicament segons necessitats i c\u00e0rregues de treball i en els \u00faltims anys les reunions son b\u00e0sicament en format telem\u00e0tic. La convocat\u00f2ria \u00e9s bimensual, el tercer divendres de mes.<\/p>\n<p>Actualment, despr\u00e9s de gener 2025, la presid\u00e8ncia est\u00e0 a c\u00e0rrec d\u2019Empar Murgui, en substituci\u00f3 de Josep Moya, juntament amb un grup de gesti\u00f3 (Grup Motor) constitu\u00eft per Francesc Vil\u00e0, Fernando Lacasa, Gl\u00f2ria Tr\u00e0fach, Myriam Garc\u00eda i Allbert Montaner (secretari).<\/p>\n<p>La Fundaci\u00f3 CCSM dona suport organitzatiu i institucional al Congr\u00e9s i al funcionament del seu Comit\u00e8.<\/p>\n<h2>Qui forma part del comit\u00e8?<\/h2>\n<p>Montse Bassols, Susana Brignoni, Daniel Ca\u00f1ero, Daniel Cruz, Anna de Jes\u00fas, Sergio Herrera, Constan\u00e7a Gairal, Olga Iba\u00f1ez, Myriam Garc\u00eda, Fernando Lacasa, Albert Montaner, Josep Moya, Teresa Ribalta, Anna Robert, Sunsi Seg\u00fa, Gl\u00f2ria Tr\u00e0fach, Alejandro Vel\u00e1zquez, Tali Vaimberg, Francesc Vil\u00e0 i Empar Murgui.<\/p>\n<p>Si vols m\u00e9s informaci\u00f3 o participar en el Comit\u00e8, contacta amb nosaltres a:<strong>\u00a0<a href=\"mailto:info@fccsm.net\">info@fccsm.net<\/a><\/strong><\/p>\n<h2>With support<\/h2>\n<\/div><\/div><\/div><\/div><\/div><div class=\"fusion-fullwidth fullwidth-box fusion-builder-row-3 fusion-flex-container hundred-percent-fullwidth non-hundred-percent-height-scrolling\" style=\"--awb-border-radius-top-left:0px;--awb-border-radius-top-right:0px;--awb-border-radius-bottom-right:0px;--awb-border-radius-bottom-left:0px;--awb-padding-top:0px;--awb-padding-right:2%;--awb-padding-bottom:20px;--awb-padding-left:2%;--awb-flex-wrap:wrap;\" ><div class=\"fusion-builder-row fusion-row fusion-flex-align-items-flex-start fusion-flex-content-wrap\" style=\"width:calc( 100% + 0px ) !important;max-width:calc( 100% + 0px ) !important;margin-left: calc(-0px \/ 2 );margin-right: calc(-0px \/ 2 );\"><div class=\"fusion-layout-column fusion_builder_column fusion-builder-column-3 fusion_builder_column_1_1 1_1 fusion-flex-column fusion-flex-align-self-flex-end\" style=\"--awb-padding-top:20px;--awb-padding-bottom:20px;--awb-column-gap:10px;--awb-row-gap:10px;--awb-bg-size:cover;--awb-width-large:100%;--awb-margin-top-large:0px;--awb-spacing-right-large:0px;--awb-margin-bottom-large:0px;--awb-spacing-left-large:0px;--awb-width-medium:100%;--awb-order-medium:0;--awb-spacing-right-medium:0px;--awb-spacing-left-medium:0px;--awb-width-small:100%;--awb-order-small:0;--awb-spacing-right-small:0px;--awb-spacing-left-small:0px;\"><div class=\"fusion-column-wrapper fusion-column-has-shadow fusion-flex-justify-content-center fusion-content-layout-row fusion-flex-align-items-flex-end\"><div class=\"fusion-image-element\" style=\"--awb-margin-right:20px;--awb-max-width:300px;--awb-caption-title-font-family:var(--h2_typography-font-family);--awb-caption-title-font-weight:var(--h2_typography-font-weight);--awb-caption-title-font-style:var(--h2_typography-font-style);--awb-caption-title-size:var(--h2_typography-font-size);--awb-caption-title-transform:var(--h2_typography-text-transform);--awb-caption-title-line-height:var(--h2_typography-line-height);--awb-caption-title-letter-spacing:var(--h2_typography-letter-spacing);\"><span class=\"fusion-imageframe imageframe-none imageframe-2 hover-type-none\"><img decoding=\"async\" width=\"300\" height=\"85\" title=\"generalitat catalunya vertical\" src=\"data:image\/svg+xml,%3Csvg%20xmlns%3D%27http%3A%2F%2Fwww.w3.org%2F2000%2Fsvg%27%20width%3D%27300%27%20height%3D%2785%27%20viewBox%3D%270%200%20300%2085%27%3E%3Crect%20width%3D%27300%27%20height%3D%2785%27%20fill-opacity%3D%220%22%2F%3E%3C%2Fsvg%3E\" data-orig-src=\"https:\/\/la.fccsm.net\/wp-content\/uploads\/2025\/10\/generalitat-catalunya-vertical-e1761664215112.png\" alt class=\"lazyload img-responsive wp-image-25954\"\/><\/span><\/div><div class=\"fusion-image-element\" style=\"--awb-max-width:300px;--awb-caption-title-font-family:var(--h2_typography-font-family);--awb-caption-title-font-weight:var(--h2_typography-font-weight);--awb-caption-title-font-style:var(--h2_typography-font-style);--awb-caption-title-size:var(--h2_typography-font-size);--awb-caption-title-transform:var(--h2_typography-text-transform);--awb-caption-title-line-height:var(--h2_typography-line-height);--awb-caption-title-letter-spacing:var(--h2_typography-letter-spacing);\"><span class=\"fusion-imageframe imageframe-none imageframe-3 hover-type-none\"><img decoding=\"async\" width=\"2270\" height=\"465\" title=\"logo ajuntament de barcelona transparent\" src=\"https:\/\/la.fccsm.net\/wp-content\/uploads\/2025\/10\/logo-ajuntament-de-barcelona-transparent-scaled-e1776236812590.png\" data-orig-src=\"https:\/\/la.fccsm.net\/wp-content\/uploads\/2025\/10\/logo-ajuntament-de-barcelona-transparent-scaled-e1776236812590.png\" alt class=\"lazyload img-responsive wp-image-27593\" srcset=\"data:image\/svg+xml,%3Csvg%20xmlns%3D%27http%3A%2F%2Fwww.w3.org%2F2000%2Fsvg%27%20width%3D%272270%27%20height%3D%27465%27%20viewBox%3D%270%200%202270%20465%27%3E%3Crect%20width%3D%272270%27%20height%3D%27465%27%20fill-opacity%3D%220%22%2F%3E%3C%2Fsvg%3E\" data-srcset=\"https:\/\/la.fccsm.net\/wp-content\/uploads\/2025\/10\/logo-ajuntament-de-barcelona-transparent-scaled-e1776236812590-200x41.png 200w, https:\/\/la.fccsm.net\/wp-content\/uploads\/2025\/10\/logo-ajuntament-de-barcelona-transparent-scaled-e1776236812590-400x82.png 400w, https:\/\/la.fccsm.net\/wp-content\/uploads\/2025\/10\/logo-ajuntament-de-barcelona-transparent-scaled-e1776236812590-600x123.png 600w, https:\/\/la.fccsm.net\/wp-content\/uploads\/2025\/10\/logo-ajuntament-de-barcelona-transparent-scaled-e1776236812590-800x164.png 800w, https:\/\/la.fccsm.net\/wp-content\/uploads\/2025\/10\/logo-ajuntament-de-barcelona-transparent-scaled-e1776236812590-1200x246.png 1200w, https:\/\/la.fccsm.net\/wp-content\/uploads\/2025\/10\/logo-ajuntament-de-barcelona-transparent-scaled-e1776236812590.png 2270w\" data-sizes=\"auto\" data-orig-sizes=\"(max-width: 1024px) 100vw, (max-width: 640px) 100vw, 1200px\" \/><\/span><\/div><\/div><\/div><\/div><\/div><\/p>","protected":false},"excerpt":{"rendered":"","protected":false},"author":1,"featured_media":0,"parent":0,"menu_order":0,"comment_status":"closed","ping_status":"closed","template":"100-width.php","meta":{"_acf_changed":false,"footnotes":""},"class_list":["post-29142","page","type-page","status-publish","hentry"],"acf":[],"_links":{"self":[{"href":"https:\/\/la.fccsm.net\/en\/wp-json\/wp\/v2\/pages\/29142","targetHints":{"allow":["GET"]}}],"collection":[{"href":"https:\/\/la.fccsm.net\/en\/wp-json\/wp\/v2\/pages"}],"about":[{"href":"https:\/\/la.fccsm.net\/en\/wp-json\/wp\/v2\/types\/page"}],"author":[{"embeddable":true,"href":"https:\/\/la.fccsm.net\/en\/wp-json\/wp\/v2\/users\/1"}],"replies":[{"embeddable":true,"href":"https:\/\/la.fccsm.net\/en\/wp-json\/wp\/v2\/comments?post=29142"}],"version-history":[{"count":28,"href":"https:\/\/la.fccsm.net\/en\/wp-json\/wp\/v2\/pages\/29142\/revisions"}],"predecessor-version":[{"id":29319,"href":"https:\/\/la.fccsm.net\/en\/wp-json\/wp\/v2\/pages\/29142\/revisions\/29319"}],"wp:attachment":[{"href":"https:\/\/la.fccsm.net\/en\/wp-json\/wp\/v2\/media?parent=29142"}],"curies":[{"name":"wp","href":"https:\/\/api.w.org\/{rel}","templated":true}]}}