{"id":17431,"date":"2025-05-23T09:00:18","date_gmt":"2025-05-23T07:00:18","guid":{"rendered":"https:\/\/la.fccsm.net\/?post_type=avada_portfolio&#038;p=17431"},"modified":"2026-02-07T13:48:09","modified_gmt":"2026-02-07T12:48:09","slug":"fons-dr-emili-mira-i-lopez","status":"publish","type":"page","link":"https:\/\/la.fccsm.net\/en\/documentacio-fccsm\/fons-dr-emili-mira-i-lopez\/","title":{"rendered":"Fons Documental Dr. Emili Mira i L\u00f3pez"},"content":{"rendered":"<p><div class=\"fusion-fullwidth fullwidth-box fusion-builder-row-1 fusion-flex-container nonhundred-percent-fullwidth non-hundred-percent-height-scrolling\" style=\"--awb-border-radius-top-left:0px;--awb-border-radius-top-right:0px;--awb-border-radius-bottom-right:0px;--awb-border-radius-bottom-left:0px;--awb-padding-right-small:10px;--awb-padding-left-small:10px;--awb-flex-wrap:wrap;\" ><div class=\"fusion-builder-row fusion-row fusion-flex-align-items-flex-start fusion-flex-content-wrap\" style=\"max-width:calc( 1170px + 0px );margin-left: calc(-0px \/ 2 );margin-right: calc(-0px \/ 2 );\"><div class=\"fusion-layout-column fusion_builder_column fusion-builder-column-0 fusion_builder_column_1_1 1_1 fusion-flex-column\" style=\"--awb-padding-top:2%;--awb-padding-right:2%;--awb-padding-bottom:2%;--awb-padding-left:2%;--awb-bg-blend:overlay;--awb-bg-size:cover;--awb-width-large:100%;--awb-margin-top-large:0px;--awb-spacing-right-large:0px;--awb-margin-bottom-large:0px;--awb-spacing-left-large:0px;--awb-width-medium:100%;--awb-spacing-right-medium:0px;--awb-spacing-left-medium:0px;--awb-width-small:100%;--awb-spacing-right-small:0px;--awb-spacing-left-small:0px;\"><div class=\"fusion-column-wrapper fusion-flex-justify-content-flex-start fusion-content-layout-column\"><div class=\"fusion-title title fusion-title-1 fusion-title-center fusion-title-text fusion-title-size-two\" style=\"--awb-margin-bottom:20px;--awb-margin-top-small:0px;--awb-margin-bottom-small:20px;\"><div class=\"title-sep-container title-sep-container-left\"><div class=\"title-sep sep- sep-solid\" style=\"border-color:var(--awb-color3);\"><\/div><\/div><span class=\"awb-title-spacer\"><\/span><h2 class=\"fusion-title-heading title-heading-center awb-responsive-type__disable\" style=\"margin:0;text-transform:none;\">Agra\u00efments<\/h2><span class=\"awb-title-spacer\"><\/span><div class=\"title-sep-container title-sep-container-right\"><div class=\"title-sep sep- sep-solid\" style=\"border-color:var(--awb-color3);\"><\/div><\/div><\/div><div class=\"fusion-text fusion-text-1\"><p><img decoding=\"async\" class=\"lazyload size-full wp-image-2562 alignleft\" src=\"https:\/\/la.fccsm.net\/wp-content\/uploads\/2014\/03\/e.-mira-1.jpg\" data-orig-src=\"https:\/\/la.fccsm.net\/wp-content\/uploads\/2014\/03\/e.-mira-1.jpg\" alt=\"\" width=\"300\" height=\"225\" srcset=\"data:image\/svg+xml,%3Csvg%20xmlns%3D%27http%3A%2F%2Fwww.w3.org%2F2000%2Fsvg%27%20width%3D%27300%27%20height%3D%27225%27%20viewBox%3D%270%200%20300%20225%27%3E%3Crect%20width%3D%27300%27%20height%3D%27225%27%20fill-opacity%3D%220%22%2F%3E%3C%2Fsvg%3E\" data-srcset=\"https:\/\/la.fccsm.net\/wp-content\/uploads\/2014\/03\/e.-mira-1-80x60.jpg 80w, https:\/\/la.fccsm.net\/wp-content\/uploads\/2014\/03\/e.-mira-1.jpg 300w\" data-sizes=\"auto\" data-orig-sizes=\"(max-width: 300px) 100vw, 300px\" \/>Per gentilesa de la fam\u00edlia del Dr. Emili Mira i L\u00f3pez i en particular de la seva filla Sra. Montserrat Mira, ha estat cedit a la FCCSM el llegat d\u2019un fons bibliogr\u00e0fic de 39 llibres: 24 obres de l\u2019autor i 15 sobre l\u2019autor.<\/p>\n<p>El fons tamb\u00e9 compta amb un extens recull d&#8217;articles, tant del mateix dr. Mira com d\u2019altres autors que analitzen la seva obra. El llistat compr\u00e8n escrits publicats en premsa especialitzada i diaris generalistes des del 1964 al 2010.<\/p>\n<p>La FCCSM assumeix aquest privilegi amb el comprom\u00eds i responsabilitat de garantir la seva cust\u00f2dia, conservaci\u00f3 i posar-ho a disposici\u00f3 de totes aquelles persones que puguin estar interessades en la seva consulta.<\/p>\n<p>Per a m\u00e9s informaci\u00f3 cal adre\u00e7ar-se la secretaria de la nostra Fundaci\u00f3:\u00a0<a href=\"mailto:info@fccsm.net\">info@fccsm.net<\/a>\u00a0o 93 238 62 47.<\/p>\n<\/div><div class=\"fusion-title title fusion-title-2 fusion-title-center fusion-title-text fusion-title-size-two\" style=\"--awb-margin-bottom:20px;--awb-margin-top-small:0px;--awb-margin-bottom-small:20px;\"><div class=\"title-sep-container title-sep-container-left\"><div class=\"title-sep sep- sep-solid\" style=\"border-color:var(--awb-color3);\"><\/div><\/div><span class=\"awb-title-spacer\"><\/span><h2 class=\"fusion-title-heading title-heading-center awb-responsive-type__disable\" style=\"margin:0;text-transform:none;\">Una mica d&#8217;hist\u00f2ria<\/h2><span class=\"awb-title-spacer\"><\/span><div class=\"title-sep-container title-sep-container-right\"><div class=\"title-sep sep- sep-solid\" style=\"border-color:var(--awb-color3);\"><\/div><\/div><\/div><div class=\"fusion-text fusion-text-2\"><p><img decoding=\"async\" class=\"lazyload size-full wp-image-2671 alignleft\" src=\"https:\/\/la.fccsm.net\/wp-content\/uploads\/2014\/03\/emili-mira.jpg\" data-orig-src=\"https:\/\/la.fccsm.net\/wp-content\/uploads\/2014\/03\/emili-mira.jpg\" alt=\"\" width=\"325\" height=\"470\" srcset=\"data:image\/svg+xml,%3Csvg%20xmlns%3D%27http%3A%2F%2Fwww.w3.org%2F2000%2Fsvg%27%20width%3D%27325%27%20height%3D%27470%27%20viewBox%3D%270%200%20325%20470%27%3E%3Crect%20width%3D%27325%27%20height%3D%27470%27%20fill-opacity%3D%220%22%2F%3E%3C%2Fsvg%3E\" data-srcset=\"https:\/\/la.fccsm.net\/wp-content\/uploads\/2014\/03\/emili-mira-207x300.jpg 207w, https:\/\/la.fccsm.net\/wp-content\/uploads\/2014\/03\/emili-mira.jpg 325w\" data-sizes=\"auto\" data-orig-sizes=\"(max-width: 325px) 100vw, 325px\" \/>El Dr. Emili Mira i L\u00f3pez, neix l\u2019any 1896 a Santiago de Cuba, on el seu pare s\u2019hi est\u00e0 destinat com a metge militar. La fam\u00edlia torna a Espanya en perdre\u2019s la Guerra de Cuba el 1898 i s\u2019instal\u00b7la a Barcelona el 1902. Emili Mira acaba la carrera de metge als 20 anys amb premi extraordinari a la Universitat de Barcelona. Pensionat per l\u2019Ajuntament i la Diputaci\u00f3 de Barcelona, visita els millors laboratoris de psicologia experimental europeus i el 1926 passa a dirigir l\u2019Institut d\u2019Orientaci\u00f3 Professional de Barcelona, inicialment, depenent de la Diputaci\u00f3 i, despr\u00e9s, del govern catal\u00e0. Aqu\u00ed, Mira crea una secci\u00f3 de psicopedagogia que obt\u00e9 un gran ress\u00f2 a Europa.<\/p>\n<p>Malgrat la seva joventut, en aquests anys que van des del 1926 fins el 1938, Mira desplega una activitat extraordin\u00e0ria. En l\u2019aspecte assistencial, \u00e9s codirector d\u2019un centre m\u00e8dic de rep\u00f2s de car\u00e0cter privat i, m\u00e9s tard, de la primera cl\u00ednica de diagn\u00f2stic i tractament dels trastorns de conducta infantil, el primer centre d\u2019aquest tipus a Espanya. El 1935, \u00e9s nomenat director de l\u2019Institut Pere Mata de Reus i, el mateix any, del Sanatori Psiqui\u00e0tric de Sant Boi de Llobregat, que dirigeix fins el 1936. El 1937, rep el nomenament de cap dels Serveis Psiqui\u00e0trics de l\u2019ex\u00e8rcit republic\u00e0.<\/p>\n<p>En el camp docent \u00e9s escollit professor de la primera c\u00e0tedra de psiquiatria d\u2019Espanya a la Universitat Aut\u00f2noma de Barcelona. Imparteix cursos per diferents pa\u00efsos inclosos els Estats Units d\u2019Am\u00e8rica. Mira introdueix les teories psicoanal\u00edtiques i la psicopedagogia a Espanya. Tamb\u00e9, l\u2019Orientaci\u00f3 Professional, la psicologia jur\u00eddica i la psicologia experimental amb l\u2019organitzaci\u00f3 de cursos i confer\u00e8ncies aix\u00ed com amb la publicaci\u00f3 de diversos llibres.<\/p>\n<p>En el terreny de la recerca, l\u2019Emili Mira investiga la repercussi\u00f3 de la guerra sobre la ment. Tamb\u00e9 elabora un gran nombre de tests per identificar el car\u00e0cter i el temperament que s\u00f3n utilitzats en la selecci\u00f3 de personal, en psicologia cl\u00ednica i educaci\u00f3.<\/p>\n<p>La derrota republicana fa que, inicialment, Mira s\u2019exili\u00ef a Londres. Despr\u00e9s, se\u2019n va als Estats Units i d\u2019all\u00e0 passa a d\u2019altres pa\u00efsos del continent americ\u00e0 -M\u00e8xic, Cuba, Guatemala, Equador, Vene\u00e7uela, Xile i Argentina-. Finalment, des de Montevideo, Uruguai, passa a Brasil on hi fixa la seva resid\u00e8ncia fins a la seva mort d\u2019un infart.<\/p>\n<p>En aquesta etapa sud-americana, Mira desenvolupa una intensa activitat que culmina amb la publicaci\u00f3 de 22 llibres en vida i tres m\u00e9s manera p\u00f2stuma.<\/p>\n<\/div><\/div><\/div><\/div><\/div><div class=\"fusion-fullwidth fullwidth-box fusion-builder-row-2 fusion-flex-container has-pattern-background has-mask-background nonhundred-percent-fullwidth non-hundred-percent-height-scrolling\" style=\"--awb-border-radius-top-left:0px;--awb-border-radius-top-right:0px;--awb-border-radius-bottom-right:0px;--awb-border-radius-bottom-left:0px;--awb-padding-bottom:0px;--awb-flex-wrap:wrap;\" ><div class=\"fusion-builder-row fusion-row fusion-flex-align-items-flex-start fusion-flex-content-wrap\" style=\"max-width:calc( 1170px + 0px );margin-left: calc(-0px \/ 2 );margin-right: calc(-0px \/ 2 );\"><div class=\"fusion-layout-column fusion_builder_column fusion-builder-column-1 fusion_builder_column_1_1 1_1 fusion-flex-column\" style=\"--awb-padding-top:2%;--awb-padding-right:2%;--awb-padding-bottom:2%;--awb-padding-left:2%;--awb-bg-size:cover;--awb-width-large:100%;--awb-margin-top-large:0px;--awb-spacing-right-large:0px;--awb-margin-bottom-large:0px;--awb-spacing-left-large:0px;--awb-width-medium:100%;--awb-order-medium:0;--awb-spacing-right-medium:0px;--awb-spacing-left-medium:0px;--awb-width-small:100%;--awb-order-small:0;--awb-spacing-right-small:0px;--awb-spacing-left-small:0px;\"><div class=\"fusion-column-wrapper fusion-column-has-shadow fusion-flex-justify-content-flex-start fusion-content-layout-column\"><div class=\"fusion-title title fusion-title-3 fusion-title-center fusion-title-text fusion-title-size-two\" style=\"--awb-margin-right:0px;--awb-margin-left:0px;--awb-margin-top-small:0px;--awb-margin-bottom-small:20px;\"><div class=\"title-sep-container title-sep-container-left\"><div class=\"title-sep sep- sep-solid\" style=\"border-color:var(--awb-color3);\"><\/div><\/div><span class=\"awb-title-spacer\"><\/span><h2 class=\"fusion-title-heading title-heading-center awb-responsive-type__disable\" style=\"margin:0;text-transform:none;\">Ressenya Biogr\u00e0fica<\/h2><span class=\"awb-title-spacer\"><\/span><div class=\"title-sep-container title-sep-container-right\"><div class=\"title-sep sep- sep-solid\" style=\"border-color:var(--awb-color3);\"><\/div><\/div><\/div><\/div><\/div><div class=\"fusion-layout-column fusion_builder_column fusion-builder-column-2 fusion_builder_column_1_2 1_2 fusion-flex-column\" style=\"--awb-padding-top:2%;--awb-padding-right:2%;--awb-padding-bottom:2%;--awb-padding-left:2%;--awb-bg-blend:overlay;--awb-bg-size:cover;--awb-width-large:50%;--awb-margin-top-large:0px;--awb-spacing-right-large:calc( 0.04 * calc( 100% - 0 ) );--awb-margin-bottom-large:0px;--awb-spacing-left-large:0px;--awb-width-medium:100%;--awb-spacing-right-medium:0px;--awb-spacing-left-medium:0px;--awb-width-small:100%;--awb-spacing-right-small:0px;--awb-spacing-left-small:0px;\"><div class=\"fusion-column-wrapper fusion-flex-justify-content-flex-start fusion-content-layout-column\"><div class=\"fusion-title title fusion-title-4 fusion-title-center fusion-title-text fusion-title-size-three\" style=\"--awb-margin-top-small:0px;--awb-margin-bottom-small:20px;\"><div class=\"title-sep-container title-sep-container-left\"><div class=\"title-sep sep- sep-solid\" style=\"border-color:var(--awb-color3);\"><\/div><\/div><span class=\"awb-title-spacer\"><\/span><h3 class=\"fusion-title-heading title-heading-center awb-responsive-type__disable\" style=\"margin:0;text-transform:none;\">Obres sobre l&#8217;autor<\/h3><span class=\"awb-title-spacer\"><\/span><div class=\"title-sep-container title-sep-container-right\"><div class=\"title-sep sep- sep-solid\" style=\"border-color:var(--awb-color3);\"><\/div><\/div><\/div><div class=\"fusion-image-element\" style=\"text-align:center;--awb-caption-title-font-family:var(--h2_typography-font-family);--awb-caption-title-font-weight:var(--h2_typography-font-weight);--awb-caption-title-font-style:var(--h2_typography-font-style);--awb-caption-title-size:var(--h2_typography-font-size);--awb-caption-title-transform:var(--h2_typography-text-transform);--awb-caption-title-line-height:var(--h2_typography-line-height);--awb-caption-title-letter-spacing:var(--h2_typography-letter-spacing);\"><span class=\"fusion-imageframe imageframe-none imageframe-1 hover-type-none\"><img decoding=\"async\" width=\"238\" height=\"97\" title=\"llibres\" src=\"https:\/\/la.fccsm.net\/wp-content\/uploads\/2014\/03\/llibres-e1753439291525.jpg\" data-orig-src=\"https:\/\/la.fccsm.net\/wp-content\/uploads\/2014\/03\/llibres-e1753439291525.jpg\" alt class=\"lazyload img-responsive wp-image-2647\" srcset=\"data:image\/svg+xml,%3Csvg%20xmlns%3D%27http%3A%2F%2Fwww.w3.org%2F2000%2Fsvg%27%20width%3D%27238%27%20height%3D%2797%27%20viewBox%3D%270%200%20238%2097%27%3E%3Crect%20width%3D%27238%27%20height%3D%2797%27%20fill-opacity%3D%220%22%2F%3E%3C%2Fsvg%3E\" data-srcset=\"https:\/\/la.fccsm.net\/wp-content\/uploads\/2014\/03\/llibres-e1753439291525-200x82.jpg 200w, https:\/\/la.fccsm.net\/wp-content\/uploads\/2014\/03\/llibres-e1753439291525.jpg 238w\" data-sizes=\"auto\" data-orig-sizes=\"(max-width: 1024px) 100vw, (max-width: 640px) 100vw, 238px\" \/><\/span><\/div><div class=\"fusion-text fusion-text-3\"><p>&nbsp;<\/p>\n<ol>\n<li style=\"text-align: justify;\">C\u00e9sar G. Coronel. \u201cEl Psicodiagn\u00f3stico Miokin\u00e9tico. Su teor\u00eda y su pr\u00e1ctica\u201d. 2a ed. Editorial\u00a0\u201cLa Erre\u201d, Buenos Aires 1962.<\/li>\n<li style=\"text-align: justify;\"><strong><em>Revista del Departamento de Psiquiatr\u00eda<\/em><\/strong>. Facultat de Medicina de Barcelona. Vol. 1 n\u00fam. 1.\u00a0Octubre \u2013 Desembre 1973. Textos llegits en l\u2019homenatge realitzat a juny de 1972. Participants: Adolfo Azoy; Cabaleiro Goas; Joan Coderch; Jos\u00e9 Corominas; Pedro Domingo; Jos\u00e9 Germain; J. J. L\u00f3pez Ibor; Joan Obiols; B. Rodriguez Arias; F. Tosquelles; Josep Trueta; Valenciano Gay\u00e1; R. Vidal-Teixidor.<\/li>\n<li style=\"text-align: justify;\">Joan Campos i Avillar. <strong><em>\u201cDel Somni d\u2019Irma al Somni de Mira: Somnis Professionals?\u201d <\/em><\/strong>Ed. Biling\u00fce. Plexus Editores, Barcelona 1991.<\/li>\n<li style=\"text-align: justify;\">Conrad Vilanou (Coordinador). Emili Mira. \u201c<strong><em>Els or\u00edgens de la Psicopedagogia a Catalunya\u201d<\/em><\/strong>. Ed. Facultat de Pedagogia, Universitat de Barcelona 1998.<\/li>\n<li style=\"text-align: justify;\">Miquel Bernardo i Rafael Casas. <strong><em>\u201cHist\u00f2ria de la Psiquiatria a Catalunya\u201d.<\/em><\/strong> Publicacions i Edicions de la Universitat de Barcelona 1983.<\/li>\n<li style=\"text-align: justify;\">Luis Miguel Iruela. <strong><em>\u201cEmilio Mira y L\u00f3pez, La vida y la obra. Psiquiatr\u00eda, Psicolog\u00eda y armon\u00eda social\u201d<\/em><\/strong>. Ed. en castell\u00e0. Publicacions de \u00a0la Universitat de Barcelona. 1993.<\/li>\n<li style=\"text-align: justify;\">Milagros i Dolores Saiz (Coordinadores). <strong><em>\u201cPersonajes para una historia de la Psicolog\u00eda en Espa\u00f1a\u201d<\/em><\/strong>. Ed. Pir\u00e1mide \/ Universitat Aut\u00f2noma de Barcelona, Madrid 1996.<\/li>\n<li style=\"text-align: justify;\">Frederic Munn\u00e9 i Matamala. <strong><em>\u201cLa Psicologia Jur\u00eddica d\u2019en Emili Mira i L\u00f3pez\u201d<\/em><\/strong>. Lli\u00e7\u00f3 inaugural del curs 1996\/97. Universitat de Barcelona, 1996.<\/li>\n<li style=\"text-align: justify;\">Dr. Carles Ball\u00fas i Pascual. <strong><em>\u201cD\u2019on ve i a on va la medicina (Naturalesa \u2013 persona \u2013 societat)\u201d<\/em><\/strong>. Discurs llegit a l\u2019acte de la seva recepci\u00f3 com acad\u00e8mic electe. Reial Acad\u00e8mia de Medicina de Catalunya, 24 de novembre 1996.<\/li>\n<li style=\"text-align: justify;\">Conrad Vilanou i Xavier Laudo. \u201c<strong><em>Emili Mira i els or\u00edgens de la psicologia de l\u2019esport\u201d<\/em><\/strong>. Consell Catal\u00e0 de l\u2019Esport \u2013 Generalitat de Catalunya 2004.<\/li>\n<li style=\"text-align: justify;\">Diputaci\u00f3 de Barcelona. <strong><em>\u201cSetanta-cinc anys d\u2019assist\u00e8ncia psiqui\u00e0trica. De Cl\u00ednica Mental a \u201cCentres Assistencials Dr. Emili Mira i L\u00f3pez\u201d<\/em><\/strong><em>.<\/em> Diputaci\u00f3 de Barcelona 2005.<\/li>\n<li style=\"text-align: justify;\">Montserrat Mira. \u201c<strong><em>Emilio Mira y L\u00f3pez. El investigador de la personalidad humana\u201d<\/em><\/strong>. Diputaci\u00f3 de Barcelona, 2004. 2 exemplars: Edici\u00f3 en castell\u00e0 i edici\u00f3 en catal\u00e0.<\/li>\n<li style=\"text-align: justify;\">Antonio Ruiz de Az\u00faa. Publicats a la revista <strong><em>\u201cAgrupaci\u00f3n de Grafoanalistas Consultivos de Espa\u00f1a<\/em><\/strong> (AGC)<strong>\u201d<\/strong>. 4 exemplars:\n<ol>\n<li><strong><em>\u201cInfluencias en el desarrollo de PMK de Mira y L\u00f3pez\u201d.<\/em><\/strong> Butllet\u00ed 27. 2n semestre 2001<\/li>\n<li><strong><em>\u201cEl PMK de Mira y L\u00f3pez 2\u00aa parte. Algunas semejanzas entre el PMK y el Grafoan\u00e1lisis\u201d.<\/em><\/strong> Butllet\u00ed 28. 1r semestre 2002<\/li>\n<li><strong><em>\u201cLa neurosis obsesiva en el PMK\u201d y \u201cNovedades editoriales sobre el PMK\u201d.<\/em><\/strong> Butllet\u00ed 32. 1r semestre 2004.<\/li>\n<li><strong><em>\u201cHomenaje al Dr. Emilio Mira y L\u00f3pez\u201d.<\/em><\/strong> Butllet\u00ed 33. 2n semestre 2004<\/li>\n<\/ol>\n<\/li>\n<li style=\"text-align: justify;\">M. P\u00e9rez Nespeira. <strong><em>\u201cLa privatitzaci\u00f3 de la follia: l\u2019assist\u00e8ncia psiqui\u00e0trica a Catalunya durant el segle XIX\u201d.<\/em><\/strong> Publicacions de l\u2019Abadia de Montserrat, 2003.<\/li>\n<li style=\"text-align: justify;\">Annette M\u00fclberger i Ana Mar\u00eda Jac\u00f3-Vilela. <strong><em>\u201cEs mejor morir de pie que vivir de rodillas: Emilio Mira y L\u00f3pez y la revoluci\u00f3n social\u201d<\/em><\/strong><em>.<\/em> Revista Dynamis, Volum 27 2007.<\/li>\n<\/ol>\n<p style=\"text-align: justify;\">\n<\/div><\/div><\/div><div class=\"fusion-layout-column fusion_builder_column fusion-builder-column-3 fusion_builder_column_1_2 1_2 fusion-flex-column\" style=\"--awb-padding-top:2%;--awb-padding-bottom:2%;--awb-padding-left:2%;--awb-bg-blend:overlay;--awb-bg-size:cover;--awb-width-large:50%;--awb-margin-top-large:0px;--awb-spacing-right-large:0px;--awb-margin-bottom-large:0px;--awb-spacing-left-large:calc( 0.04 * calc( 100% - 0 ) );--awb-width-medium:100%;--awb-spacing-right-medium:0px;--awb-spacing-left-medium:0px;--awb-width-small:100%;--awb-spacing-right-small:0px;--awb-spacing-left-small:0px;\"><div class=\"fusion-column-wrapper fusion-flex-justify-content-flex-start fusion-content-layout-column\"><div class=\"fusion-title title fusion-title-5 fusion-title-center fusion-title-text fusion-title-size-three\" style=\"--awb-margin-top-small:0px;--awb-margin-bottom-small:20px;\"><div class=\"title-sep-container title-sep-container-left\"><div class=\"title-sep sep- sep-solid\" style=\"border-color:var(--awb-color3);\"><\/div><\/div><span class=\"awb-title-spacer\"><\/span><h3 class=\"fusion-title-heading title-heading-center awb-responsive-type__disable\" style=\"margin:0;text-transform:none;\">Obres de l&#8217;autor<\/p><\/h3><span class=\"awb-title-spacer\"><\/span><div class=\"title-sep-container title-sep-container-right\"><div class=\"title-sep sep- sep-solid\" style=\"border-color:var(--awb-color3);\"><\/div><\/div><\/div><div class=\"fusion-image-element\" style=\"text-align:center;--awb-caption-title-font-family:var(--h2_typography-font-family);--awb-caption-title-font-weight:var(--h2_typography-font-weight);--awb-caption-title-font-style:var(--h2_typography-font-style);--awb-caption-title-size:var(--h2_typography-font-size);--awb-caption-title-transform:var(--h2_typography-text-transform);--awb-caption-title-line-height:var(--h2_typography-line-height);--awb-caption-title-letter-spacing:var(--h2_typography-letter-spacing);\"><span class=\"fusion-imageframe imageframe-none imageframe-2 hover-type-none\"><img decoding=\"async\" width=\"238\" height=\"97\" title=\"emili mira 2\" src=\"data:image\/svg+xml,%3Csvg%20xmlns%3D%27http%3A%2F%2Fwww.w3.org%2F2000%2Fsvg%27%20width%3D%27238%27%20height%3D%2797%27%20viewBox%3D%270%200%20238%2097%27%3E%3Crect%20width%3D%27238%27%20height%3D%2797%27%20fill-opacity%3D%220%22%2F%3E%3C%2Fsvg%3E\" data-orig-src=\"https:\/\/la.fccsm.net\/wp-content\/uploads\/2014\/03\/emili-mira-2.jpg\" alt class=\"lazyload img-responsive wp-image-2669\"\/><\/span><\/div><div class=\"fusion-text fusion-text-4\"><ol>\n<li><strong><em>La Psicoan\u00e0lisi.\u00a0<\/em><\/strong>2 exemplars:\n<ol>\n<li>Ed. Monografies M\u00e8diques, Barcelona, 1a edici\u00f3 juliol 1926 (any 1, n\u00fam. 3)<\/li>\n<li>Ed. Monografies M\u00e8diques, Barcelona, 2a edici\u00f3 1935<\/li>\n<\/ol>\n<\/li>\n<li><strong><em>Psicopatologia dels estats passionals.<\/em><\/strong> Revista de Psicologia i Pedagogia, publicada per l\u2019Institut Psicot\u00e8cnic de la Generalitat i el Seminari de Pedagogia de la Universitat. Barcelona, agost 1937, Any V Vol. V N\u00fam. 19.<\/li>\n<li><strong><em>Manual de Psicolog\u00eda Jur\u00eddica.<\/em><\/strong> 5a ed, 1961 Ed. El Ateneo. Buenos Aires<\/li>\n<li><strong><em>Manual de Psicoterapia<\/em><\/strong>. Ed. Aniceto Lopez, Buenos Aires 1942<\/li>\n<li><strong><em>Manual de Psicoterapia.<\/em><\/strong> Edici\u00f3 Facs\u00edmil. Editat per Lab. Smithkine Beecham, Barcelona\u00a0 1997.<\/li>\n<li><strong><em>Manual de Orientaci\u00f3n Profesional<\/em><\/strong>. Ed. Kapelusz, 3a ed., Buenos Aires 1952<\/li>\n<li><strong><em>Problemas psicol\u00f3gicos actuales.<\/em><\/strong>\u00a0 Ed. El Ateneo, 5a ed., Buenos Aires 1955<\/li>\n<li><strong><em>Psicolog\u00eda evolutiva del ni\u00f1o y del adolescente.<\/em><\/strong> Ed. El Ateneo, 7a ed., Buenos Aires 1958<\/li>\n<li><strong><em>La psiquiatr\u00eda en la guerra<\/em><\/strong>. Ed. M\u00e9dico \u2013 Quir\u00fargica, Buenos Aires 1944<\/li>\n<li><strong><em>Psicolog\u00eda experimental.<\/em><\/strong> Ed. Kapelusz, Buenos Aires 1955<\/li>\n<li><strong><em>El ni\u00f1o que no aprende.<\/em><\/strong> Ed. Kapelusz, Buenos Aires. 1947<\/li>\n<li><strong><em>Gu\u00eda de la salud mental<\/em><\/strong>. Ed. Ober\u00f3n Buenos Aires. 1956 1a Ed.<\/li>\n<li><strong><em>Como estudiar y como aprender<\/em><\/strong>. Ed. Kapelusz, 5a ed., Buenos Aires 1958<\/li>\n<li><strong><em>Cuatro gigantes del alma.<\/em><\/strong> Ed. El Ateneo, 4a ed., Buenos Aires 1957<\/li>\n<li><strong><em>Psiquiatria b\u00e1sica.<\/em><\/strong> Ed. El Ateneo, Buenos Aires, reimpressi\u00f3, 1950<\/li>\n<li><strong><em>Compendio de Psiquiatr\u00eda.<\/em><\/strong> El Ateneo, Buenos Aires 1958<\/li>\n<li><strong><em>El Psicodiagn\u00f3stico Miokin\u00e9tico<\/em><\/strong>(PMK). Ed. Paid\u00f3s, Buenos Aires, 6a reimpressi\u00f3 1979:\n<ol>\n<li>2 Quaderns (Manual i ap\u00e8ndix amb il\u00b7lustracions del manual).<\/li>\n<li>1 fitxer d\u2019administraci\u00f3 del PMK (2 exemplars).<\/li>\n<li>Fotoc\u00f2pia de la bibliografia en 1987 sobre el PMK<\/li>\n<li>Quadern de proba (en fulles soltes)<\/li>\n<\/ol>\n<\/li>\n<li><strong><em>Factores psicol\u00f3gicos de la productividad.<\/em><\/strong> Ed. El Ateneo, Buenos Aires 1960 (fotoc\u00f2pia)<\/li>\n<li><strong><em>Hacia una vejez joven.<\/em><\/strong> Ed. Kapelusz, 1a Ed. Buenos Aires 1961<\/li>\n<li><strong><em>El pensamiento.<\/em><\/strong> Ed. Kapelusz, 1a Ed. Buenos Aires 1966<\/li>\n<li><strong><em>Psicolog\u00eda de la vida moderna.<\/em><\/strong> Ed. El Ateneo, 2a ed. Buenos Aires 1968<\/li>\n<li><strong><em>Manual de psicolog\u00eda general.<\/em><\/strong> Ed. Kapelusz, 1a Ed. \u00a0Buenos Aires 1969<\/li>\n<li><strong><em>\u201cEmilio Mira y L\u00f3pez. Cinco conferencias\u201d.<\/em><\/strong> Precedides por l\u2019escrit del Dr. Josep M. Pigem Serra: <strong><em>\u201cEmilio Mira y L\u00f3pez. Su entorno\u201d<\/em><\/strong>. Ed. Montserrat Mira. Barcelona, 1996<\/li>\n<li><strong><em>\u201cPsicolog\u00eda y Medicina\u201d. Ultimas conferencias de Emilio Mira y L\u00f3pez.<\/em><\/strong> UNED \/ UB Barcelona, 1998 1a Ed.<\/li>\n<\/ol>\n<\/div><\/div><\/div><\/div><\/div><\/p>","protected":false},"excerpt":{"rendered":"","protected":false},"author":1,"featured_media":25390,"parent":323,"menu_order":0,"comment_status":"closed","ping_status":"closed","template":"100-width.php","meta":{"_acf_changed":false,"footnotes":""},"class_list":["post-17431","page","type-page","status-publish","has-post-thumbnail","hentry"],"acf":[],"_links":{"self":[{"href":"https:\/\/la.fccsm.net\/en\/wp-json\/wp\/v2\/pages\/17431","targetHints":{"allow":["GET"]}}],"collection":[{"href":"https:\/\/la.fccsm.net\/en\/wp-json\/wp\/v2\/pages"}],"about":[{"href":"https:\/\/la.fccsm.net\/en\/wp-json\/wp\/v2\/types\/page"}],"author":[{"embeddable":true,"href":"https:\/\/la.fccsm.net\/en\/wp-json\/wp\/v2\/users\/1"}],"replies":[{"embeddable":true,"href":"https:\/\/la.fccsm.net\/en\/wp-json\/wp\/v2\/comments?post=17431"}],"version-history":[{"count":41,"href":"https:\/\/la.fccsm.net\/en\/wp-json\/wp\/v2\/pages\/17431\/revisions"}],"predecessor-version":[{"id":27981,"href":"https:\/\/la.fccsm.net\/en\/wp-json\/wp\/v2\/pages\/17431\/revisions\/27981"}],"up":[{"embeddable":true,"href":"https:\/\/la.fccsm.net\/en\/wp-json\/wp\/v2\/pages\/323"}],"wp:featuredmedia":[{"embeddable":true,"href":"https:\/\/la.fccsm.net\/en\/wp-json\/wp\/v2\/media\/25390"}],"wp:attachment":[{"href":"https:\/\/la.fccsm.net\/en\/wp-json\/wp\/v2\/media?parent=17431"}],"curies":[{"name":"wp","href":"https:\/\/api.w.org\/{rel}","templated":true}]}}